{"id":96,"date":"2025-02-20T09:53:00","date_gmt":"2025-02-20T09:53:00","guid":{"rendered":"https:\/\/horizont-entertainment.com\/?page_id=96"},"modified":"2026-01-27T18:12:36","modified_gmt":"2026-01-27T18:12:36","slug":"about-us","status":"publish","type":"page","link":"https:\/\/horizont-entertainment.com\/de\/about-us\/","title":{"rendered":"\u00dcber uns"},"content":{"rendered":"<div class=\"wp-block-group alignfull is-style-default is-content-justification-space-between is-nowrap is-layout-flex wp-container-core-group-is-layout-c53a89c2 wp-block-group-is-layout-flex\" style=\"padding-right:0;padding-left:0\">\n<div class=\"wp-block-group is-style-default is-layout-flow wp-block-group-is-layout-flow\">\n<p class=\"is-style-default\">Wir sind ein kleines Zwei-Personen-Indiestudio \u2013 ein Leidenschaftsprojekt, das wir in unserer Freizeit betreiben \u2013 und haben uns vorgenommen, die Magie klassischer Spiele wieder aufleben zu lassen. Inspiriert vom goldenen Zeitalter der 8- und 16-Bit-Games erschaffen wir Retro-Erlebnisse, die Nostalgie mit frischen Ideen verbinden.<\/p>\n\n\n\n<p class=\"translation-block\">Diese kleine Insel der Nostalgie existiert in den L\u00fccken zwischen Karrieren in der Enterprise-Softwareentwicklung, einem turbulenten Familienalltag und dem gelegentlichen Drang, ein Cabrio zu kaufen und das Klischee der Midlife-Crisis voll auszuleben. Aber <em>Horizont Entertainment<\/em> ist schon seit unseren Schulzeiten Anfang der 1990er Jahre Teil unserer Geschichte. Damals entwickelten wir kleine Freeware-Titel und experimentierten mit Spieldesign auf jede erdenkliche Weise \u2013 manches erfolgreich, manches rein explorativ.<\/p>\n\n\n\n<p>Auf diesem Weg ist es uns gelungen, ein paar Spiele zu ver\u00f6ffentlichen, die in den fr\u00fchen Tagen des Internets ihr Publikum fanden. Damals war schon das Entdecken von Freeware und Shareware ein Abenteuer f\u00fcr sich \u2013 man musste Links aufsp\u00fcren, sich auf Empfehlungen per Mundpropaganda verlassen und sich in einer Welt ohne Steam, mobile App-Stores oder sogar Google zurechtfinden.<\/p>\n\n\n\n<p class=\"translation-block\">Schau dir unsere <a href=\"https:\/\/horizont-entertainment.com\/de\/the-archive\/\" data-type=\"page\" data-id=\"285\" target=\"_self\">Archivseiten<\/a> an f\u00fcr weitere Details und eine Reise in die Vergangenheit.<\/p>\n\n\n\n<h2 class=\"wp-block-heading\"><strong>Wir sind...<\/strong><\/h2>\n\n\n\n<div class=\"wp-block-media-text is-stacked-on-mobile has-accent-1-background-color has-background\" style=\"grid-template-columns:15% auto\"><figure class=\"wp-block-media-text__media\"><img loading=\"lazy\" decoding=\"async\" width=\"389\" height=\"389\" src=\"https:\/\/horizont-entertainment.com\/wp-content\/uploads\/2025\/11\/Peter.png\" alt=\"\" class=\"wp-image-496 size-full\" srcset=\"https:\/\/horizont-entertainment.com\/wp-content\/uploads\/2025\/11\/Peter.png 389w, https:\/\/horizont-entertainment.com\/wp-content\/uploads\/2025\/11\/Peter-300x300.png 300w, https:\/\/horizont-entertainment.com\/wp-content\/uploads\/2025\/11\/Peter-150x150.png 150w, https:\/\/horizont-entertainment.com\/wp-content\/uploads\/2025\/11\/Peter-12x12.png 12w\" sizes=\"auto, (max-width: 389px) 100vw, 389px\" \/><\/figure><div class=\"wp-block-media-text__content\">\n<h2 class=\"wp-block-heading is-style-default\">Peter Voss<\/h2>\n\n\n\n<p>Game Developer mit einer Leidenschaft f\u00fcr AI und Leveldesign, aber auf ewigem Kriegspfad mit der Physics-Engine.<\/p>\n\n\n\n<p>Besuche mein <a href=\"https:\/\/www.linkedin.com\/in\/petervoss\/\">LinkedIn Profil<\/a> f\u00fcr mehr Infos.<\/p>\n<\/div><\/div>\n\n\n\n<div class=\"wp-block-media-text has-media-on-the-right is-stacked-on-mobile has-accent-6-background-color has-background\" style=\"grid-template-columns:auto 15%\"><div class=\"wp-block-media-text__content\">\n<h2 class=\"wp-block-heading\">Mike Voss<\/h2>\n\n\n\n<p>Game Developer mit einer Leidenschaft f\u00fcr Pixel, Benutzeroberfl\u00e4chen und den kreativen Feinschliff. Hat Peter urspr\u00fcnglich zu Unity und C# gebracht.<\/p>\n\n\n\n<p>Besuche mein <a href=\"https:\/\/www.linkedin.com\/in\/mikevoss1\/\">LinkedIn Profil<\/a> f\u00fcr mehr Infos.<\/p>\n<\/div><figure class=\"wp-block-media-text__media\"><img loading=\"lazy\" decoding=\"async\" width=\"256\" height=\"256\" src=\"https:\/\/horizont-entertainment.com\/wp-content\/uploads\/2025\/11\/Mike.png\" alt=\"\" class=\"wp-image-495 size-full\" srcset=\"https:\/\/horizont-entertainment.com\/wp-content\/uploads\/2025\/11\/Mike.png 256w, https:\/\/horizont-entertainment.com\/wp-content\/uploads\/2025\/11\/Mike-150x150.png 150w, https:\/\/horizont-entertainment.com\/wp-content\/uploads\/2025\/11\/Mike-12x12.png 12w\" sizes=\"auto, (max-width: 256px) 100vw, 256px\" \/><\/figure><\/div>\n\n\n\n<p class=\"is-style-default translation-block\">F\u00fcr mehr rechtliche Informationen siehe unser  <a href=\"https:\/\/horizont-entertainment.com\/de\/impressum\/\" data-type=\"page\" data-id=\"85\" target=\"_self\">Impressum<\/a> und unserer <a href=\"https:\/\/horizont-entertainment.com\/de\/privacy\/\" data-type=\"page\" data-id=\"2\" target=\"_self\">Datenschutzerkl\u00e4rung <\/a>.<\/p>\n<\/div>\n<\/div>\n\n\n\n<p><\/p>","protected":false},"excerpt":{"rendered":"<p>We are a tiny two-person indie studio \u2014 a passion project built in our spare time \u2014 dedicated to reviving the magic of classic gaming. Inspired by the golden age of 8- and 16-bit games, we craft retro-style experiences that blend nostalgia with fresh ideas. This little island of nostalgia lives in the gaps between [&hellip;]<\/p>\n","protected":false},"author":1,"featured_media":55,"parent":0,"menu_order":0,"comment_status":"closed","ping_status":"closed","template":"","meta":{"footnotes":""},"class_list":["post-96","page","type-page","status-publish","has-post-thumbnail","hentry"],"yoast_head":"<!-- This site is optimized with the Yoast SEO plugin v27.4 - https:\/\/yoast.com\/product\/yoast-seo-wordpress\/ -->\n<title>About Us - Horizont Entertainment<\/title>\n<meta name=\"robots\" content=\"index, follow, max-snippet:-1, max-image-preview:large, max-video-preview:-1\" \/>\n<link rel=\"canonical\" href=\"https:\/\/horizont-entertainment.com\/de\/about-us\/\" \/>\n<meta property=\"og:locale\" content=\"de_DE\" \/>\n<meta property=\"og:type\" content=\"article\" \/>\n<meta property=\"og:title\" content=\"About Us - Horizont Entertainment\" \/>\n<meta property=\"og:description\" content=\"We are a tiny two-person indie studio \u2014 a passion project built in our spare time \u2014 dedicated to reviving the magic of classic gaming. Inspired by the golden age of 8- and 16-bit games, we craft retro-style experiences that blend nostalgia with fresh ideas. This little island of nostalgia lives in the gaps between [&hellip;]\" \/>\n<meta property=\"og:url\" content=\"https:\/\/horizont-entertainment.com\/de\/about-us\/\" \/>\n<meta property=\"og:site_name\" content=\"Horizont Entertainment\" \/>\n<meta property=\"article:modified_time\" content=\"2026-01-27T18:12:36+00:00\" \/>\n<meta property=\"og:image\" content=\"https:\/\/horizont-entertainment.com\/wp-content\/uploads\/2025\/02\/banner-e1740757581101.png\" \/>\n\t<meta property=\"og:image:width\" content=\"1024\" \/>\n\t<meta property=\"og:image:height\" content=\"367\" \/>\n\t<meta property=\"og:image:type\" content=\"image\/png\" \/>\n<meta name=\"twitter:card\" content=\"summary_large_image\" \/>\n<meta name=\"twitter:label1\" content=\"Gesch\u00e4tzte Lesezeit\" \/>\n\t<meta name=\"twitter:data1\" content=\"2\u00a0Minuten\" \/>\n<script type=\"application\/ld+json\" class=\"yoast-schema-graph\">{\"@context\":\"https:\\\/\\\/schema.org\",\"@graph\":[{\"@type\":\"WebPage\",\"@id\":\"https:\\\/\\\/horizont-entertainment.com\\\/about-us\\\/\",\"url\":\"https:\\\/\\\/horizont-entertainment.com\\\/about-us\\\/\",\"name\":\"About Us - Horizont Entertainment\",\"isPartOf\":{\"@id\":\"https:\\\/\\\/horizont-entertainment.com\\\/de\\\/#website\"},\"primaryImageOfPage\":{\"@id\":\"https:\\\/\\\/horizont-entertainment.com\\\/about-us\\\/#primaryimage\"},\"image\":{\"@id\":\"https:\\\/\\\/horizont-entertainment.com\\\/about-us\\\/#primaryimage\"},\"thumbnailUrl\":\"https:\\\/\\\/horizont-entertainment.com\\\/wp-content\\\/uploads\\\/2025\\\/02\\\/banner-e1740757581101.png\",\"datePublished\":\"2025-02-20T09:53:00+00:00\",\"dateModified\":\"2026-01-27T18:12:36+00:00\",\"breadcrumb\":{\"@id\":\"https:\\\/\\\/horizont-entertainment.com\\\/about-us\\\/#breadcrumb\"},\"inLanguage\":\"de\",\"potentialAction\":[{\"@type\":\"ReadAction\",\"target\":[\"https:\\\/\\\/horizont-entertainment.com\\\/about-us\\\/\"]}]},{\"@type\":\"ImageObject\",\"inLanguage\":\"de\",\"@id\":\"https:\\\/\\\/horizont-entertainment.com\\\/about-us\\\/#primaryimage\",\"url\":\"https:\\\/\\\/horizont-entertainment.com\\\/wp-content\\\/uploads\\\/2025\\\/02\\\/banner-e1740757581101.png\",\"contentUrl\":\"https:\\\/\\\/horizont-entertainment.com\\\/wp-content\\\/uploads\\\/2025\\\/02\\\/banner-e1740757581101.png\",\"width\":1024,\"height\":367},{\"@type\":\"BreadcrumbList\",\"@id\":\"https:\\\/\\\/horizont-entertainment.com\\\/about-us\\\/#breadcrumb\",\"itemListElement\":[{\"@type\":\"ListItem\",\"position\":1,\"name\":\"Home\",\"item\":\"https:\\\/\\\/horizont-entertainment.com\\\/de\\\/\"},{\"@type\":\"ListItem\",\"position\":2,\"name\":\"About Us\"}]},{\"@type\":\"WebSite\",\"@id\":\"https:\\\/\\\/horizont-entertainment.com\\\/de\\\/#website\",\"url\":\"https:\\\/\\\/horizont-entertainment.com\\\/de\\\/\",\"name\":\"Horizont Entertainment\",\"description\":\"Game Development for Windows and Mobile\",\"publisher\":{\"@id\":\"https:\\\/\\\/horizont-entertainment.com\\\/de\\\/#organization\"},\"potentialAction\":[{\"@type\":\"SearchAction\",\"target\":{\"@type\":\"EntryPoint\",\"urlTemplate\":\"https:\\\/\\\/horizont-entertainment.com\\\/de\\\/?s={search_term_string}\"},\"query-input\":{\"@type\":\"PropertyValueSpecification\",\"valueRequired\":true,\"valueName\":\"search_term_string\"}}],\"inLanguage\":\"de\"},{\"@type\":\"Organization\",\"@id\":\"https:\\\/\\\/horizont-entertainment.com\\\/de\\\/#organization\",\"name\":\"Horizont Entertainment\",\"url\":\"https:\\\/\\\/horizont-entertainment.com\\\/de\\\/\",\"logo\":{\"@type\":\"ImageObject\",\"inLanguage\":\"de\",\"@id\":\"https:\\\/\\\/horizont-entertainment.com\\\/de\\\/#\\\/schema\\\/logo\\\/image\\\/\",\"url\":\"https:\\\/\\\/horizont-entertainment.com\\\/wp-content\\\/uploads\\\/2025\\\/02\\\/logoforavatar.gif\",\"contentUrl\":\"https:\\\/\\\/horizont-entertainment.com\\\/wp-content\\\/uploads\\\/2025\\\/02\\\/logoforavatar.gif\",\"width\":90,\"height\":90,\"caption\":\"Horizont Entertainment\"},\"image\":{\"@id\":\"https:\\\/\\\/horizont-entertainment.com\\\/de\\\/#\\\/schema\\\/logo\\\/image\\\/\"}}]}<\/script>\n<!-- \/ Yoast SEO plugin. -->","yoast_head_json":{"title":"About Us - Horizont Entertainment","robots":{"index":"index","follow":"follow","max-snippet":"max-snippet:-1","max-image-preview":"max-image-preview:large","max-video-preview":"max-video-preview:-1"},"canonical":"https:\/\/horizont-entertainment.com\/de\/about-us\/","og_locale":"de_DE","og_type":"article","og_title":"About Us - Horizont Entertainment","og_description":"We are a tiny two-person indie studio \u2014 a passion project built in our spare time \u2014 dedicated to reviving the magic of classic gaming. Inspired by the golden age of 8- and 16-bit games, we craft retro-style experiences that blend nostalgia with fresh ideas. This little island of nostalgia lives in the gaps between [&hellip;]","og_url":"https:\/\/horizont-entertainment.com\/de\/about-us\/","og_site_name":"Horizont Entertainment","article_modified_time":"2026-01-27T18:12:36+00:00","og_image":[{"width":1024,"height":367,"url":"https:\/\/horizont-entertainment.com\/wp-content\/uploads\/2025\/02\/banner-e1740757581101.png","type":"image\/png"}],"twitter_card":"summary_large_image","twitter_misc":{"Gesch\u00e4tzte Lesezeit":"2\u00a0Minuten"},"schema":{"@context":"https:\/\/schema.org","@graph":[{"@type":"WebPage","@id":"https:\/\/horizont-entertainment.com\/about-us\/","url":"https:\/\/horizont-entertainment.com\/about-us\/","name":"About Us - Horizont Entertainment","isPartOf":{"@id":"https:\/\/horizont-entertainment.com\/de\/#website"},"primaryImageOfPage":{"@id":"https:\/\/horizont-entertainment.com\/about-us\/#primaryimage"},"image":{"@id":"https:\/\/horizont-entertainment.com\/about-us\/#primaryimage"},"thumbnailUrl":"https:\/\/horizont-entertainment.com\/wp-content\/uploads\/2025\/02\/banner-e1740757581101.png","datePublished":"2025-02-20T09:53:00+00:00","dateModified":"2026-01-27T18:12:36+00:00","breadcrumb":{"@id":"https:\/\/horizont-entertainment.com\/about-us\/#breadcrumb"},"inLanguage":"de","potentialAction":[{"@type":"ReadAction","target":["https:\/\/horizont-entertainment.com\/about-us\/"]}]},{"@type":"ImageObject","inLanguage":"de","@id":"https:\/\/horizont-entertainment.com\/about-us\/#primaryimage","url":"https:\/\/horizont-entertainment.com\/wp-content\/uploads\/2025\/02\/banner-e1740757581101.png","contentUrl":"https:\/\/horizont-entertainment.com\/wp-content\/uploads\/2025\/02\/banner-e1740757581101.png","width":1024,"height":367},{"@type":"BreadcrumbList","@id":"https:\/\/horizont-entertainment.com\/about-us\/#breadcrumb","itemListElement":[{"@type":"ListItem","position":1,"name":"Home","item":"https:\/\/horizont-entertainment.com\/de\/"},{"@type":"ListItem","position":2,"name":"About Us"}]},{"@type":"WebSite","@id":"https:\/\/horizont-entertainment.com\/de\/#website","url":"https:\/\/horizont-entertainment.com\/de\/","name":"Horizont Entertainment","description":"Game Development f\u00fcr Windows und Mobile","publisher":{"@id":"https:\/\/horizont-entertainment.com\/de\/#organization"},"potentialAction":[{"@type":"SearchAction","target":{"@type":"EntryPoint","urlTemplate":"https:\/\/horizont-entertainment.com\/de\/?s={search_term_string}"},"query-input":{"@type":"PropertyValueSpecification","valueRequired":true,"valueName":"search_term_string"}}],"inLanguage":"de"},{"@type":"Organization","@id":"https:\/\/horizont-entertainment.com\/de\/#organization","name":"Horizont Entertainment","url":"https:\/\/horizont-entertainment.com\/de\/","logo":{"@type":"ImageObject","inLanguage":"de","@id":"https:\/\/horizont-entertainment.com\/de\/#\/schema\/logo\/image\/","url":"https:\/\/horizont-entertainment.com\/wp-content\/uploads\/2025\/02\/logoforavatar.gif","contentUrl":"https:\/\/horizont-entertainment.com\/wp-content\/uploads\/2025\/02\/logoforavatar.gif","width":90,"height":90,"caption":"Horizont Entertainment"},"image":{"@id":"https:\/\/horizont-entertainment.com\/de\/#\/schema\/logo\/image\/"}}]}},"_links":{"self":[{"href":"https:\/\/horizont-entertainment.com\/de\/wp-json\/wp\/v2\/pages\/96","targetHints":{"allow":["GET"]}}],"collection":[{"href":"https:\/\/horizont-entertainment.com\/de\/wp-json\/wp\/v2\/pages"}],"about":[{"href":"https:\/\/horizont-entertainment.com\/de\/wp-json\/wp\/v2\/types\/page"}],"author":[{"embeddable":true,"href":"https:\/\/horizont-entertainment.com\/de\/wp-json\/wp\/v2\/users\/1"}],"replies":[{"embeddable":true,"href":"https:\/\/horizont-entertainment.com\/de\/wp-json\/wp\/v2\/comments?post=96"}],"version-history":[{"count":25,"href":"https:\/\/horizont-entertainment.com\/de\/wp-json\/wp\/v2\/pages\/96\/revisions"}],"predecessor-version":[{"id":532,"href":"https:\/\/horizont-entertainment.com\/de\/wp-json\/wp\/v2\/pages\/96\/revisions\/532"}],"wp:featuredmedia":[{"embeddable":true,"href":"https:\/\/horizont-entertainment.com\/de\/wp-json\/wp\/v2\/media\/55"}],"wp:attachment":[{"href":"https:\/\/horizont-entertainment.com\/de\/wp-json\/wp\/v2\/media?parent=96"}],"curies":[{"name":"wp","href":"https:\/\/api.w.org\/{rel}","templated":true}]}}