{"id":85,"date":"2025-02-20T09:33:10","date_gmt":"2025-02-20T09:33:10","guid":{"rendered":"https:\/\/horizont-entertainment.com\/?page_id=85"},"modified":"2025-03-10T07:57:07","modified_gmt":"2025-03-10T07:57:07","slug":"impressum","status":"publish","type":"page","link":"https:\/\/horizont-entertainment.com\/de\/impressum\/","title":{"rendered":"Impressum"},"content":{"rendered":"<div class=\"wp-block-group alignwide is-layout-flow wp-block-group-is-layout-flow\">\n<h2 class=\"wp-block-heading\"><strong>Angaben gem\u00e4\u00df \u00a7 5 TMG<\/strong><\/h2>\n\n\n\n<p><strong>Horizont Entertainment UG (haftungsbeschr\u00e4nkt)<\/strong><br>Peter Voss<br>Unter Linden 98<br>50859 K\u00f6ln<br><\/p>\n\n\n\n<p>Telefon: +49-221-58988905<br>E-Mail: webmaster@horizont-entertainment.com<br>Website: www.horizont-entertainment.com<\/p>\n\n\n\n<h3 class=\"wp-block-heading\"><strong>Vertretungsberechtigter<\/strong><\/h3>\n\n\n\n<p>Peter Voss<\/p>\n\n\n\n<h3 class=\"wp-block-heading\"><strong>Registereintrag<\/strong><\/h3>\n\n\n\n<p>Register Court: 50939&nbsp;K\u00f6ln<br>Registernummer: HRB 120366<\/p>\n\n\n\n<h3 class=\"wp-block-heading translation-block\"><strong>Umsatzsteuer-Identifikationsnummer gem\u00e4\u00df \u00a7 27a UStG<\/strong><\/h3>\n\n\n\n<p>USt-IdNr.: DE400160973<\/p>\n\n\n\n<h3 class=\"wp-block-heading\"><strong>Haftungsausschluss<\/strong><\/h3>\n\n\n\n<p><strong>Haftung f\u00fcr Inhalte<\/strong><br>Die Inhalte unserer Seiten wurden mit gr\u00f6\u00dfter Sorgfalt erstellt. F\u00fcr die Richtigkeit, Vollst\u00e4ndigkeit und Aktualit\u00e4t der Inhalte k\u00f6nnen wir jedoch keine Gew\u00e4hr \u00fcbernehmen.<\/p>\n\n\n\n<p><strong>Haftung f\u00fcr Links<\/strong><br>Unser Angebot enth\u00e4lt Links zu externen Webseiten Dritter, auf deren Inhalte wir keinen Einfluss haben. Deshalb k\u00f6nnen wir f\u00fcr diese fremden Inhalte auch keine Gew\u00e4hr \u00fcbernehmen. F\u00fcr die Inhalte der verlinkten Seiten ist stets der jeweilige Anbieter oder Betreiber der Seiten verantwortlich.<\/p>\n\n\n\n<p><strong>Urheberrecht<\/strong><br>Die durch die Seitenbetreiber erstellten Inhalte und Werke auf diesen Seiten unterliegen dem deutschen Urheberrecht. Die Vervielf\u00e4ltigung, Bearbeitung, Verbreitung und jede Art der Verwertung au\u00dferhalb der Grenzen des Urheberrechtes bed\u00fcrfen der schriftlichen Zustimmung des jeweiligen Autors bzw. Erstellers.<\/p>\n<\/div>","protected":false},"excerpt":{"rendered":"<p>Information pursuant to \u00a7 5 TMG Horizont Entertainment UG (haftungsbeschr\u00e4nkt)Peter VossUnter Linden 9850859 K\u00f6ln Telefon: +49-221-58988905E-Mail: webmaster@horizont-entertainment.comWebsite: www.horizont-entertainment.com Authorized Representative Peter Voss Company Registration Register Court: 50939&nbsp;K\u00f6lnRegistration Number: HRB 120366 VAT Identification Numberpursuant to \u00a7 27a German VAT Act (UStG) USt-IdNr.: DE400160973 Disclaimer Liability for ContentThe contents of our pages have been created with the [&hellip;]<\/p>\n","protected":false},"author":1,"featured_media":309,"parent":0,"menu_order":0,"comment_status":"closed","ping_status":"closed","template":"","meta":{"footnotes":""},"class_list":["post-85","page","type-page","status-publish","has-post-thumbnail","hentry"],"yoast_head":"<!-- This site is optimized with the Yoast SEO plugin v27.4 - https:\/\/yoast.com\/product\/yoast-seo-wordpress\/ -->\n<title>Impressum - Horizont Entertainment<\/title>\n<meta name=\"robots\" content=\"index, follow, max-snippet:-1, max-image-preview:large, max-video-preview:-1\" \/>\n<link rel=\"canonical\" href=\"https:\/\/horizont-entertainment.com\/de\/impressum\/\" \/>\n<meta property=\"og:locale\" content=\"de_DE\" \/>\n<meta property=\"og:type\" content=\"article\" \/>\n<meta property=\"og:title\" content=\"Impressum - Horizont Entertainment\" \/>\n<meta property=\"og:description\" content=\"Information pursuant to \u00a7 5 TMG Horizont Entertainment UG (haftungsbeschr\u00e4nkt)Peter VossUnter Linden 9850859 K\u00f6ln Telefon: +49-221-58988905E-Mail: webmaster@horizont-entertainment.comWebsite: www.horizont-entertainment.com Authorized Representative Peter Voss Company Registration Register Court: 50939&nbsp;K\u00f6lnRegistration Number: HRB 120366 VAT Identification Numberpursuant to \u00a7 27a German VAT Act (UStG) USt-IdNr.: DE400160973 Disclaimer Liability for ContentThe contents of our pages have been created with the [&hellip;]\" \/>\n<meta property=\"og:url\" content=\"https:\/\/horizont-entertainment.com\/de\/impressum\/\" \/>\n<meta property=\"og:site_name\" content=\"Horizont Entertainment\" \/>\n<meta property=\"article:modified_time\" content=\"2025-03-10T07:57:07+00:00\" \/>\n<meta property=\"og:image\" content=\"https:\/\/horizont-entertainment.com\/wp-content\/uploads\/2025\/02\/AI_batlords-table-standard-scale-6_00x-gigapixel.jpg\" \/>\n\t<meta property=\"og:image:width\" content=\"1734\" \/>\n\t<meta property=\"og:image:height\" content=\"726\" \/>\n\t<meta property=\"og:image:type\" content=\"image\/jpeg\" \/>\n<meta name=\"twitter:card\" content=\"summary_large_image\" \/>\n<meta name=\"twitter:label1\" content=\"Gesch\u00e4tzte Lesezeit\" \/>\n\t<meta name=\"twitter:data1\" content=\"1\u00a0Minute\" \/>\n<script type=\"application\/ld+json\" class=\"yoast-schema-graph\">{\"@context\":\"https:\\\/\\\/schema.org\",\"@graph\":[{\"@type\":\"WebPage\",\"@id\":\"https:\\\/\\\/horizont-entertainment.com\\\/impressum\\\/\",\"url\":\"https:\\\/\\\/horizont-entertainment.com\\\/impressum\\\/\",\"name\":\"Impressum - Horizont Entertainment\",\"isPartOf\":{\"@id\":\"https:\\\/\\\/horizont-entertainment.com\\\/de\\\/#website\"},\"primaryImageOfPage\":{\"@id\":\"https:\\\/\\\/horizont-entertainment.com\\\/impressum\\\/#primaryimage\"},\"image\":{\"@id\":\"https:\\\/\\\/horizont-entertainment.com\\\/impressum\\\/#primaryimage\"},\"thumbnailUrl\":\"https:\\\/\\\/horizont-entertainment.com\\\/wp-content\\\/uploads\\\/2025\\\/02\\\/AI_batlords-table-standard-scale-6_00x-gigapixel.jpg\",\"datePublished\":\"2025-02-20T09:33:10+00:00\",\"dateModified\":\"2025-03-10T07:57:07+00:00\",\"breadcrumb\":{\"@id\":\"https:\\\/\\\/horizont-entertainment.com\\\/impressum\\\/#breadcrumb\"},\"inLanguage\":\"de\",\"potentialAction\":[{\"@type\":\"ReadAction\",\"target\":[\"https:\\\/\\\/horizont-entertainment.com\\\/impressum\\\/\"]}]},{\"@type\":\"ImageObject\",\"inLanguage\":\"de\",\"@id\":\"https:\\\/\\\/horizont-entertainment.com\\\/impressum\\\/#primaryimage\",\"url\":\"https:\\\/\\\/horizont-entertainment.com\\\/wp-content\\\/uploads\\\/2025\\\/02\\\/AI_batlords-table-standard-scale-6_00x-gigapixel.jpg\",\"contentUrl\":\"https:\\\/\\\/horizont-entertainment.com\\\/wp-content\\\/uploads\\\/2025\\\/02\\\/AI_batlords-table-standard-scale-6_00x-gigapixel.jpg\",\"width\":1734,\"height\":726},{\"@type\":\"BreadcrumbList\",\"@id\":\"https:\\\/\\\/horizont-entertainment.com\\\/impressum\\\/#breadcrumb\",\"itemListElement\":[{\"@type\":\"ListItem\",\"position\":1,\"name\":\"Home\",\"item\":\"https:\\\/\\\/horizont-entertainment.com\\\/de\\\/\"},{\"@type\":\"ListItem\",\"position\":2,\"name\":\"Impressum\"}]},{\"@type\":\"WebSite\",\"@id\":\"https:\\\/\\\/horizont-entertainment.com\\\/de\\\/#website\",\"url\":\"https:\\\/\\\/horizont-entertainment.com\\\/de\\\/\",\"name\":\"Horizont Entertainment\",\"description\":\"Game Development for Windows and Mobile\",\"publisher\":{\"@id\":\"https:\\\/\\\/horizont-entertainment.com\\\/de\\\/#organization\"},\"potentialAction\":[{\"@type\":\"SearchAction\",\"target\":{\"@type\":\"EntryPoint\",\"urlTemplate\":\"https:\\\/\\\/horizont-entertainment.com\\\/de\\\/?s={search_term_string}\"},\"query-input\":{\"@type\":\"PropertyValueSpecification\",\"valueRequired\":true,\"valueName\":\"search_term_string\"}}],\"inLanguage\":\"de\"},{\"@type\":\"Organization\",\"@id\":\"https:\\\/\\\/horizont-entertainment.com\\\/de\\\/#organization\",\"name\":\"Horizont Entertainment\",\"url\":\"https:\\\/\\\/horizont-entertainment.com\\\/de\\\/\",\"logo\":{\"@type\":\"ImageObject\",\"inLanguage\":\"de\",\"@id\":\"https:\\\/\\\/horizont-entertainment.com\\\/de\\\/#\\\/schema\\\/logo\\\/image\\\/\",\"url\":\"https:\\\/\\\/horizont-entertainment.com\\\/wp-content\\\/uploads\\\/2025\\\/02\\\/logoforavatar.gif\",\"contentUrl\":\"https:\\\/\\\/horizont-entertainment.com\\\/wp-content\\\/uploads\\\/2025\\\/02\\\/logoforavatar.gif\",\"width\":90,\"height\":90,\"caption\":\"Horizont Entertainment\"},\"image\":{\"@id\":\"https:\\\/\\\/horizont-entertainment.com\\\/de\\\/#\\\/schema\\\/logo\\\/image\\\/\"}}]}<\/script>\n<!-- \/ Yoast SEO plugin. -->","yoast_head_json":{"title":"Impressum - Horizont Entertainment","robots":{"index":"index","follow":"follow","max-snippet":"max-snippet:-1","max-image-preview":"max-image-preview:large","max-video-preview":"max-video-preview:-1"},"canonical":"https:\/\/horizont-entertainment.com\/de\/impressum\/","og_locale":"de_DE","og_type":"article","og_title":"Impressum - Horizont Entertainment","og_description":"Information pursuant to \u00a7 5 TMG Horizont Entertainment UG (haftungsbeschr\u00e4nkt)Peter VossUnter Linden 9850859 K\u00f6ln Telefon: +49-221-58988905E-Mail: webmaster@horizont-entertainment.comWebsite: www.horizont-entertainment.com Authorized Representative Peter Voss Company Registration Register Court: 50939&nbsp;K\u00f6lnRegistration Number: HRB 120366 VAT Identification Numberpursuant to \u00a7 27a German VAT Act (UStG) USt-IdNr.: DE400160973 Disclaimer Liability for ContentThe contents of our pages have been created with the [&hellip;]","og_url":"https:\/\/horizont-entertainment.com\/de\/impressum\/","og_site_name":"Horizont Entertainment","article_modified_time":"2025-03-10T07:57:07+00:00","og_image":[{"width":1734,"height":726,"url":"https:\/\/horizont-entertainment.com\/wp-content\/uploads\/2025\/02\/AI_batlords-table-standard-scale-6_00x-gigapixel.jpg","type":"image\/jpeg"}],"twitter_card":"summary_large_image","twitter_misc":{"Gesch\u00e4tzte Lesezeit":"1\u00a0Minute"},"schema":{"@context":"https:\/\/schema.org","@graph":[{"@type":"WebPage","@id":"https:\/\/horizont-entertainment.com\/impressum\/","url":"https:\/\/horizont-entertainment.com\/impressum\/","name":"Impressum - Horizont Entertainment","isPartOf":{"@id":"https:\/\/horizont-entertainment.com\/de\/#website"},"primaryImageOfPage":{"@id":"https:\/\/horizont-entertainment.com\/impressum\/#primaryimage"},"image":{"@id":"https:\/\/horizont-entertainment.com\/impressum\/#primaryimage"},"thumbnailUrl":"https:\/\/horizont-entertainment.com\/wp-content\/uploads\/2025\/02\/AI_batlords-table-standard-scale-6_00x-gigapixel.jpg","datePublished":"2025-02-20T09:33:10+00:00","dateModified":"2025-03-10T07:57:07+00:00","breadcrumb":{"@id":"https:\/\/horizont-entertainment.com\/impressum\/#breadcrumb"},"inLanguage":"de","potentialAction":[{"@type":"ReadAction","target":["https:\/\/horizont-entertainment.com\/impressum\/"]}]},{"@type":"ImageObject","inLanguage":"de","@id":"https:\/\/horizont-entertainment.com\/impressum\/#primaryimage","url":"https:\/\/horizont-entertainment.com\/wp-content\/uploads\/2025\/02\/AI_batlords-table-standard-scale-6_00x-gigapixel.jpg","contentUrl":"https:\/\/horizont-entertainment.com\/wp-content\/uploads\/2025\/02\/AI_batlords-table-standard-scale-6_00x-gigapixel.jpg","width":1734,"height":726},{"@type":"BreadcrumbList","@id":"https:\/\/horizont-entertainment.com\/impressum\/#breadcrumb","itemListElement":[{"@type":"ListItem","position":1,"name":"Home","item":"https:\/\/horizont-entertainment.com\/de\/"},{"@type":"ListItem","position":2,"name":"Impressum"}]},{"@type":"WebSite","@id":"https:\/\/horizont-entertainment.com\/de\/#website","url":"https:\/\/horizont-entertainment.com\/de\/","name":"Horizont Entertainment","description":"Game Development f\u00fcr Windows und Mobile","publisher":{"@id":"https:\/\/horizont-entertainment.com\/de\/#organization"},"potentialAction":[{"@type":"SearchAction","target":{"@type":"EntryPoint","urlTemplate":"https:\/\/horizont-entertainment.com\/de\/?s={search_term_string}"},"query-input":{"@type":"PropertyValueSpecification","valueRequired":true,"valueName":"search_term_string"}}],"inLanguage":"de"},{"@type":"Organization","@id":"https:\/\/horizont-entertainment.com\/de\/#organization","name":"Horizont Entertainment","url":"https:\/\/horizont-entertainment.com\/de\/","logo":{"@type":"ImageObject","inLanguage":"de","@id":"https:\/\/horizont-entertainment.com\/de\/#\/schema\/logo\/image\/","url":"https:\/\/horizont-entertainment.com\/wp-content\/uploads\/2025\/02\/logoforavatar.gif","contentUrl":"https:\/\/horizont-entertainment.com\/wp-content\/uploads\/2025\/02\/logoforavatar.gif","width":90,"height":90,"caption":"Horizont Entertainment"},"image":{"@id":"https:\/\/horizont-entertainment.com\/de\/#\/schema\/logo\/image\/"}}]}},"_links":{"self":[{"href":"https:\/\/horizont-entertainment.com\/de\/wp-json\/wp\/v2\/pages\/85","targetHints":{"allow":["GET"]}}],"collection":[{"href":"https:\/\/horizont-entertainment.com\/de\/wp-json\/wp\/v2\/pages"}],"about":[{"href":"https:\/\/horizont-entertainment.com\/de\/wp-json\/wp\/v2\/types\/page"}],"author":[{"embeddable":true,"href":"https:\/\/horizont-entertainment.com\/de\/wp-json\/wp\/v2\/users\/1"}],"replies":[{"embeddable":true,"href":"https:\/\/horizont-entertainment.com\/de\/wp-json\/wp\/v2\/comments?post=85"}],"version-history":[{"count":5,"href":"https:\/\/horizont-entertainment.com\/de\/wp-json\/wp\/v2\/pages\/85\/revisions"}],"predecessor-version":[{"id":435,"href":"https:\/\/horizont-entertainment.com\/de\/wp-json\/wp\/v2\/pages\/85\/revisions\/435"}],"wp:featuredmedia":[{"embeddable":true,"href":"https:\/\/horizont-entertainment.com\/de\/wp-json\/wp\/v2\/media\/309"}],"wp:attachment":[{"href":"https:\/\/horizont-entertainment.com\/de\/wp-json\/wp\/v2\/media?parent=85"}],"curies":[{"name":"wp","href":"https:\/\/api.w.org\/{rel}","templated":true}]}}