{"id":480,"date":"2025-11-01T22:17:17","date_gmt":"2025-11-01T22:17:17","guid":{"rendered":"https:\/\/horizont-entertainment.com\/?page_id=480"},"modified":"2025-11-01T22:17:17","modified_gmt":"2025-11-01T22:17:17","slug":"speed-rally-arcade-racing","status":"publish","type":"page","link":"https:\/\/horizont-entertainment.com\/de\/speed-rally-arcade-racing\/","title":{"rendered":"Speed Rally &#8211; Arcade Racing"},"content":{"rendered":"<div class=\"wp-block-group alignfull is-style-default has-global-padding is-layout-constrained wp-container-core-group-is-layout-0c9c989a wp-block-group-is-layout-constrained has-background\" style=\"min-height:610px;margin-top:0;margin-bottom:0;padding-top:var(--wp--preset--spacing--70);padding-right:var(--wp--preset--spacing--40);padding-bottom:var(--wp--preset--spacing--70);padding-left:var(--wp--preset--spacing--40);background-image:url(&#039;https:\/\/horizont-entertainment.com\/wp-content\/uploads\/2025\/10\/Library-Header-Capsule.png&#039;);background-size:cover;\"><\/div>\n\n\n\n<div class=\"wp-block-group alignfull is-style-section-1 has-global-padding is-layout-constrained wp-block-group-is-layout-constrained is-style-section-1--1\" style=\"margin-top:0;margin-bottom:0;padding-top:var(--wp--preset--spacing--40);padding-bottom:var(--wp--preset--spacing--40)\">\n<div class=\"wp-block-columns alignwide is-style-default is-layout-flex wp-container-core-columns-is-layout-31a9418d wp-block-columns-is-layout-flex\" style=\"padding-top:var(--wp--preset--spacing--20);padding-right:var(--wp--preset--spacing--40);padding-bottom:var(--wp--preset--spacing--20);padding-left:var(--wp--preset--spacing--40)\">\n<div class=\"wp-block-column is-layout-flow wp-block-column-is-layout-flow\" style=\"padding-right:var(--wp--preset--spacing--50);flex-basis:45%\">\n<h2 class=\"wp-block-heading\"><strong>Speed Rally \u2013 Classic Arcade Racing, Reimagined!<\/strong><\/h2>\n\n\n\n<figure class=\"wp-block-image size-full is-resized\"><img loading=\"lazy\" decoding=\"async\" width=\"1453\" height=\"1282\" src=\"https:\/\/horizont-entertainment.com\/wp-content\/uploads\/2025\/11\/Screenshot-2025-11-01-220150.png\" alt=\"\" class=\"wp-image-489\" style=\"width:545px;height:auto\" srcset=\"https:\/\/horizont-entertainment.com\/wp-content\/uploads\/2025\/11\/Screenshot-2025-11-01-220150.png 1453w, https:\/\/horizont-entertainment.com\/wp-content\/uploads\/2025\/11\/Screenshot-2025-11-01-220150-300x265.png 300w, https:\/\/horizont-entertainment.com\/wp-content\/uploads\/2025\/11\/Screenshot-2025-11-01-220150-1024x903.png 1024w, https:\/\/horizont-entertainment.com\/wp-content\/uploads\/2025\/11\/Screenshot-2025-11-01-220150-768x678.png 768w, https:\/\/horizont-entertainment.com\/wp-content\/uploads\/2025\/11\/Screenshot-2025-11-01-220150-14x12.png 14w\" sizes=\"auto, (max-width: 1453px) 100vw, 1453px\" \/><\/figure>\n\n\n\n<div class=\"wp-block-group has-global-padding is-layout-constrained wp-block-group-is-layout-constrained\" style=\"margin-top:-12vw\"><\/div>\n<\/div>\n\n\n\n<div class=\"wp-block-column is-vertically-aligned-center is-layout-flow wp-block-column-is-layout-flow\" style=\"padding-right:0;padding-left:0;flex-basis:50%\">\n<p class=\"translation-block\"><strong>Speed Rally<\/strong> ist ein rasantes, retro-inspiriertes Top-Down-Rennspiel, das den Geist der goldenen \u00c4ra der Arcade-Racer wieder aufleben l\u00e4sst. Inspiriert von <strong>ATARI- und C64-Klassikern wie <em>Rally Speedway<\/em> sowie der <em>Micro Machines<\/em>-Reihe der 8- und 16-Bit Zeit<\/strong> f\u00e4ngt es die Essenz von einfachen, aber unglaublich packenden \u201ePick-up-and-Play\u201c-Rennen ein \u2013 pr\u00e4zises Handling, sofortige Action und dieses typische \u201enur noch ein Rennen\u201c-Gef\u00fchl.<\/p>\n\n\n\n<p class=\"translation-block\">Ganz egal ob du online um Bestzeiten k\u00e4mpfst oder lokal gegen Freunde auf dem Sofa \u2014 Speed Rally bringt diese zeitlosen Arcade-Mechaniken modern zur\u00fcck: sofort zug\u00e4nglich, fordernd auf hohem Niveau und immer wieder aufs Neue spielbar.<\/p>\n\n\n\n<p><iframe loading=\"lazy\" src=\"https:\/\/store.steampowered.com\/widget\/3502370\/\" frameborder=\"0\" width=\"646\" height=\"190\"><\/iframe><\/p>\n<\/div>\n<\/div>\n<\/div>\n\n\n\n<div class=\"wp-block-group alignfull has-global-padding is-layout-constrained wp-container-core-group-is-layout-ebee8dc1 wp-block-group-is-layout-constrained\" style=\"margin-top:0;margin-bottom:0;padding-top:var(--wp--preset--spacing--50);padding-bottom:var(--wp--preset--spacing--50)\">\n<h2 class=\"wp-block-heading alignwide\">Features<\/h2>\n\n\n\n<div class=\"wp-block-columns alignwide is-layout-flex wp-container-core-columns-is-layout-28f84493 wp-block-columns-is-layout-flex\">\n<div class=\"wp-block-column is-layout-flow wp-block-column-is-layout-flow\">\n<figure class=\"wp-block-image size-full\" style=\"margin-bottom:24px\"><img loading=\"lazy\" decoding=\"async\" width=\"1930\" height=\"1086\" src=\"https:\/\/horizont-entertainment.com\/wp-content\/uploads\/2025\/10\/timetrial-with-ranking-info.png\" alt=\"\" class=\"wp-image-471\" style=\"aspect-ratio:4\/3;object-fit:cover\" srcset=\"https:\/\/horizont-entertainment.com\/wp-content\/uploads\/2025\/10\/timetrial-with-ranking-info.png 1930w, https:\/\/horizont-entertainment.com\/wp-content\/uploads\/2025\/10\/timetrial-with-ranking-info-300x169.png 300w, https:\/\/horizont-entertainment.com\/wp-content\/uploads\/2025\/10\/timetrial-with-ranking-info-1024x576.png 1024w, https:\/\/horizont-entertainment.com\/wp-content\/uploads\/2025\/10\/timetrial-with-ranking-info-768x432.png 768w, https:\/\/horizont-entertainment.com\/wp-content\/uploads\/2025\/10\/timetrial-with-ranking-info-1536x864.png 1536w, https:\/\/horizont-entertainment.com\/wp-content\/uploads\/2025\/10\/timetrial-with-ranking-info-18x10.png 18w\" sizes=\"auto, (max-width: 1930px) 100vw, 1930px\" \/><\/figure>\n\n\n\n<h3 class=\"wp-block-heading\">Time Trials<\/h3>\n\n\n\n<p class=\"has-medium-font-size\">Rase gegen die Zeit und k\u00e4mpfe um deinen Platz in den globalen Leaderboards f\u00fcr Renn- und Rundenzeiten!<\/p>\n<\/div>\n\n\n\n<div class=\"wp-block-column is-layout-flow wp-block-column-is-layout-flow\">\n<figure class=\"wp-block-image size-full\" style=\"margin-bottom:24px\"><img loading=\"lazy\" decoding=\"async\" width=\"1521\" height=\"1294\" src=\"https:\/\/horizont-entertainment.com\/wp-content\/uploads\/2025\/10\/Screenshot-2025-09-30-225657.png\" alt=\"\" class=\"wp-image-474\" style=\"aspect-ratio:4\/3;object-fit:cover\" srcset=\"https:\/\/horizont-entertainment.com\/wp-content\/uploads\/2025\/10\/Screenshot-2025-09-30-225657.png 1521w, https:\/\/horizont-entertainment.com\/wp-content\/uploads\/2025\/10\/Screenshot-2025-09-30-225657-300x255.png 300w, https:\/\/horizont-entertainment.com\/wp-content\/uploads\/2025\/10\/Screenshot-2025-09-30-225657-1024x871.png 1024w, https:\/\/horizont-entertainment.com\/wp-content\/uploads\/2025\/10\/Screenshot-2025-09-30-225657-768x653.png 768w, https:\/\/horizont-entertainment.com\/wp-content\/uploads\/2025\/10\/Screenshot-2025-09-30-225657-14x12.png 14w\" sizes=\"auto, (max-width: 1521px) 100vw, 1521px\" \/><\/figure>\n\n\n\n<h3 class=\"wp-block-heading\">Duel Mode<\/h3>\n\n\n\n<p class=\"has-medium-font-size\">Tritt im 1:1 Duell gegen einen menschlichen Gegner oder die KI an \u2013 inklusive Strafmodus. Bleib dran, sonst verlierst du den Anschluss!<\/p>\n<\/div>\n\n\n\n<div class=\"wp-block-column is-layout-flow wp-block-column-is-layout-flow\">\n<figure class=\"wp-block-image size-full\" style=\"margin-bottom:24px\"><img loading=\"lazy\" decoding=\"async\" width=\"1921\" height=\"1090\" src=\"https:\/\/horizont-entertainment.com\/wp-content\/uploads\/2025\/10\/splitscreen-arcade.png\" alt=\"\" class=\"wp-image-470\" style=\"aspect-ratio:4\/3;object-fit:cover\" srcset=\"https:\/\/horizont-entertainment.com\/wp-content\/uploads\/2025\/10\/splitscreen-arcade.png 1921w, https:\/\/horizont-entertainment.com\/wp-content\/uploads\/2025\/10\/splitscreen-arcade-300x170.png 300w, https:\/\/horizont-entertainment.com\/wp-content\/uploads\/2025\/10\/splitscreen-arcade-1024x581.png 1024w, https:\/\/horizont-entertainment.com\/wp-content\/uploads\/2025\/10\/splitscreen-arcade-768x436.png 768w, https:\/\/horizont-entertainment.com\/wp-content\/uploads\/2025\/10\/splitscreen-arcade-1536x872.png 1536w, https:\/\/horizont-entertainment.com\/wp-content\/uploads\/2025\/10\/splitscreen-arcade-18x10.png 18w\" sizes=\"auto, (max-width: 1921px) 100vw, 1921px\" \/><\/figure>\n\n\n\n<h3 class=\"wp-block-heading\">Arcade Races<\/h3>\n\n\n\n<p class=\"has-medium-font-size\">Teste dein K\u00f6nnen gegen KI- und menschliche Fahrer im klassischen Split-Screen Arcade-Spa\u00df!<\/p>\n<\/div>\n<\/div>\n<\/div>\n\n\n\n<div class=\"wp-block-group alignfull is-layout-flow wp-block-group-is-layout-flow\" style=\"margin-top:0;margin-bottom:0;padding-top:var(--wp--preset--spacing--30);padding-bottom:var(--wp--preset--spacing--30)\">\n<h2 class=\"wp-block-heading\">Warum wir Speed Rally entwickelt haben<\/h2>\n\n\n\n<div class=\"wp-block-columns is-style-section-1 has-large-font-size is-layout-flex wp-container-core-columns-is-layout-59b338dc wp-block-columns-is-layout-flex is-style-section-1--2\" style=\"padding-top:0;padding-right:0;padding-bottom:0;padding-left:0\">\n<div class=\"wp-block-column is-vertically-aligned-center is-style-default is-layout-flow wp-block-column-is-layout-flow\" style=\"padding-top:var(--wp--preset--spacing--20);padding-right:var(--wp--preset--spacing--30);padding-bottom:var(--wp--preset--spacing--20);padding-left:var(--wp--preset--spacing--30);flex-basis:50%\">\n<p>Speed Rally ist unser Liebesbrief an die 8-Bit \u00c4ra.<\/p>\n\n\n\n<p>Wir sind Hobby-Entwickler und machen dieses Spiel als echtes Herzensprojekt, weil uns genau diese Art von Racing heute fehlt. Einfache Steuerung, kurze Runden, kein Nachdenken \u2014 einfach starten und losfahren.<\/p>\n\n\n\n<p class=\"translation-block\">Wir haben als Kinder unz\u00e4hlige Nachmittage damit verbracht, <a href=\"https:\/\/en.wikipedia.org\/wiki\/Rally_Speedway\" target=\"_blank\" rel=\"noreferrer noopener\"><em><strong>John Anderson\u2019s<\/strong><\/em> <strong><em>Rally Speedway<\/em> <\/strong><\/a> auf dem C64 zu spielen \u2014 winzige Pixelstrecken, reiner Arcade-Wahnsinn, sofortiger Spa\u00df. Dieses Gef\u00fchl hat uns nie losgelassen.<\/p>\n\n\n\n<p>Das Besondere daran ist seine Schlichtheit:\ndein Auto beschleunigt permanent \u2014 du steuerst die Fahrt haupts\u00e4chlich \u00fcber das Bremsen. Das ist sofort verst\u00e4ndlich, jeder steigt in Sekunden ein, v\u00f6llig unabh\u00e4ngig vom eigenen Racing-Niveau.<\/p>\n<\/div>\n\n\n\n<div class=\"wp-block-column is-vertically-aligned-bottom is-layout-flow wp-container-core-column-is-layout-800b885c wp-block-column-is-layout-flow\" style=\"padding-top:var(--wp--preset--spacing--20);padding-right:0;padding-bottom:var(--wp--preset--spacing--20);padding-left:0;flex-basis:50%\">\n<div class=\"wp-block-group has-global-padding is-layout-constrained wp-container-core-group-is-layout-19e250f3 wp-block-group-is-layout-constrained has-background\" style=\"min-height:370px;background-image:url(&#039;https:\/\/horizont-entertainment.com\/wp-content\/uploads\/2025\/10\/trophies.png&#039;);background-size:cover;\"><\/div>\n<\/div>\n<\/div>\n\n\n\n<div class=\"wp-block-columns is-style-section-1 is-layout-flex wp-container-core-columns-is-layout-8dc9b08b wp-block-columns-is-layout-flex is-style-section-1--3\" style=\"margin-top:0;margin-bottom:0\">\n<div class=\"wp-block-column is-vertically-aligned-center is-layout-flow wp-container-core-column-is-layout-0a808d5a wp-block-column-is-layout-flow\" style=\"padding-right:var(--wp--preset--spacing--30);padding-left:var(--wp--preset--spacing--30);flex-basis:50%\">\n<p>Diese bew\u00e4hrte Arcade-Mechanik haben wir ins moderne Zeitalter geholt \u2014 mit Steam Leaderboards, Achievements und kompetitiven Features. Gleichzeitig haben wir den Retro-Charme beibehalten: Pixelstyle UI, bewusst reduzierte Optik, klare Oldschool-Vibes. Nostalgie \u2014 aber weiterentwickelt.<\/p>\n\n\n\n<p>Und das Beste daran? Speed Rally entfaltet seinen gr\u00f6\u00dften Spa\u00df, wenn man es zusammen spielt \u2014 vor allem im lokalen Multiplayer. Nebeneinander sitzen, lachen, schreien, crashen\u2026 genau dieses Gef\u00fchl wollten wir zur\u00fcckbringen. Retro Herz. Moderne Umsetzung. Spa\u00df zuerst.<\/p>\n<\/div>\n\n\n\n<div class=\"wp-block-column is-vertically-aligned-bottom is-layout-flow wp-container-core-column-is-layout-800b885c wp-block-column-is-layout-flow\" style=\"padding-top:var(--wp--preset--spacing--20);padding-right:0;padding-bottom:var(--wp--preset--spacing--20);padding-left:0;flex-basis:50%\">\n<div class=\"wp-block-group has-global-padding is-layout-constrained wp-container-core-group-is-layout-19e250f3 wp-block-group-is-layout-constrained has-background\" style=\"min-height:370px;background-image:url(&#039;https:\/\/horizont-entertainment.com\/wp-content\/uploads\/2025\/11\/Screenshot-2025-10-10-094323.png&#039;);background-size:cover;\"><\/div>\n<\/div>\n<\/div>\n<\/div>\n\n\n\n<div class=\"wp-block-group alignwide is-style-section-3 is-layout-flow wp-block-group-is-layout-flow is-style-section-3--4\" style=\"padding-top:var(--wp--preset--spacing--40);padding-right:var(--wp--preset--spacing--60);padding-bottom:var(--wp--preset--spacing--40);padding-left:var(--wp--preset--spacing--60)\">\n<h1 class=\"wp-block-heading has-text-align-center\">Schaut Euch gerne auch unsere anderen Titel an!<\/h1>\n\n\n\n<div class=\"wp-block-columns is-layout-flex wp-container-core-columns-is-layout-28f84493 wp-block-columns-is-layout-flex\">\n<div class=\"wp-block-column is-layout-flow wp-block-column-is-layout-flow\" style=\"padding-top:0;padding-right:0;padding-bottom:0;padding-left:0\">\n<figure class=\"wp-block-image size-full\"><a href=\"https:\/\/horizont-entertainment.com\/de\/vyrox\/\"><img loading=\"lazy\" decoding=\"async\" width=\"800\" height=\"600\" src=\"https:\/\/horizont-entertainment.com\/wp-content\/uploads\/2025\/02\/Vyrox_Teaser.png\" alt=\"\" class=\"wp-image-273\" srcset=\"https:\/\/horizont-entertainment.com\/wp-content\/uploads\/2025\/02\/Vyrox_Teaser.png 800w, https:\/\/horizont-entertainment.com\/wp-content\/uploads\/2025\/02\/Vyrox_Teaser-300x225.png 300w, https:\/\/horizont-entertainment.com\/wp-content\/uploads\/2025\/02\/Vyrox_Teaser-768x576.png 768w, https:\/\/horizont-entertainment.com\/wp-content\/uploads\/2025\/02\/Vyrox_Teaser-16x12.png 16w\" sizes=\"auto, (max-width: 800px) 100vw, 800px\" \/><\/a><\/figure>\n<\/div>\n\n\n\n<div class=\"wp-block-column is-layout-flow wp-block-column-is-layout-flow\">\n<figure class=\"wp-block-image size-full\"><a href=\"https:\/\/horizont-entertainment.com\/de\/globe-quiz\/\"><img loading=\"lazy\" decoding=\"async\" width=\"800\" height=\"600\" src=\"https:\/\/horizont-entertainment.com\/wp-content\/uploads\/2025\/02\/WG_Teaser-1.png\" alt=\"\" class=\"wp-image-79\" srcset=\"https:\/\/horizont-entertainment.com\/wp-content\/uploads\/2025\/02\/WG_Teaser-1.png 800w, https:\/\/horizont-entertainment.com\/wp-content\/uploads\/2025\/02\/WG_Teaser-1-300x225.png 300w, https:\/\/horizont-entertainment.com\/wp-content\/uploads\/2025\/02\/WG_Teaser-1-768x576.png 768w\" sizes=\"auto, (max-width: 800px) 100vw, 800px\" \/><\/a><\/figure>\n<\/div>\n\n\n\n<div class=\"wp-block-column is-layout-flow wp-block-column-is-layout-flow\">\n<figure class=\"wp-block-image size-full\"><a href=\"https:\/\/horizont-entertainment.com\/de\/batlords\/\"><img loading=\"lazy\" decoding=\"async\" width=\"800\" height=\"600\" src=\"https:\/\/horizont-entertainment.com\/wp-content\/uploads\/2025\/03\/batlords.png\" alt=\"\" class=\"wp-image-428\" srcset=\"https:\/\/horizont-entertainment.com\/wp-content\/uploads\/2025\/03\/batlords.png 800w, https:\/\/horizont-entertainment.com\/wp-content\/uploads\/2025\/03\/batlords-300x225.png 300w, https:\/\/horizont-entertainment.com\/wp-content\/uploads\/2025\/03\/batlords-768x576.png 768w, https:\/\/horizont-entertainment.com\/wp-content\/uploads\/2025\/03\/batlords-16x12.png 16w\" sizes=\"auto, (max-width: 800px) 100vw, 800px\" \/><\/a><\/figure>\n<\/div>\n<\/div>\n<\/div>\n\n\n\n<p><\/p>","protected":false},"excerpt":{"rendered":"<p>Speed Rally \u2013 Classic Arcade Racing, Reimagined! Speed Rally&nbsp;is a fast-paced, retro-inspired top-down racer that rekindles the spirit of the golden age of arcade driving. Drawing inspiration from&nbsp;ATARI and C64 classics like&nbsp;Rally Speedway&nbsp;and the&nbsp;Micro Machines&nbsp;series of the 8-bit and 16-bit era, it captures the essence of simple yet thrilling pick-up-and-play racing \u2014 tight handling, instant [&hellip;]<\/p>\n","protected":false},"author":3,"featured_media":0,"parent":0,"menu_order":0,"comment_status":"closed","ping_status":"closed","template":"","meta":{"footnotes":""},"class_list":["post-480","page","type-page","status-publish","hentry"],"yoast_head":"<!-- This site is optimized with the Yoast SEO plugin v27.4 - https:\/\/yoast.com\/product\/yoast-seo-wordpress\/ -->\n<title>Speed Rally - Arcade Racing - Horizont Entertainment<\/title>\n<meta name=\"robots\" content=\"index, follow, max-snippet:-1, max-image-preview:large, max-video-preview:-1\" \/>\n<link rel=\"canonical\" href=\"https:\/\/horizont-entertainment.com\/de\/speed-rally-arcade-racing\/\" \/>\n<meta property=\"og:locale\" content=\"de_DE\" \/>\n<meta property=\"og:type\" content=\"article\" \/>\n<meta property=\"og:title\" content=\"Speed Rally - Arcade Racing - Horizont Entertainment\" \/>\n<meta property=\"og:description\" content=\"Speed Rally \u2013 Classic Arcade Racing, Reimagined! Speed Rally&nbsp;is a fast-paced, retro-inspired top-down racer that rekindles the spirit of the golden age of arcade driving. Drawing inspiration from&nbsp;ATARI and C64 classics like&nbsp;Rally Speedway&nbsp;and the&nbsp;Micro Machines&nbsp;series of the 8-bit and 16-bit era, it captures the essence of simple yet thrilling pick-up-and-play racing \u2014 tight handling, instant [&hellip;]\" \/>\n<meta property=\"og:url\" content=\"https:\/\/horizont-entertainment.com\/de\/speed-rally-arcade-racing\/\" \/>\n<meta property=\"og:site_name\" content=\"Horizont Entertainment\" \/>\n<meta property=\"og:image\" content=\"https:\/\/horizont-entertainment.com\/wp-content\/uploads\/2025\/11\/Screenshot-2025-11-01-220150-1024x903.png\" \/>\n\t<meta property=\"og:image:width\" content=\"1024\" \/>\n\t<meta property=\"og:image:height\" content=\"903\" \/>\n\t<meta property=\"og:image:type\" content=\"image\/png\" \/>\n<meta name=\"twitter:card\" content=\"summary_large_image\" \/>\n<meta name=\"twitter:label1\" content=\"Gesch\u00e4tzte Lesezeit\" \/>\n\t<meta name=\"twitter:data1\" content=\"3\u00a0Minuten\" \/>\n<script type=\"application\/ld+json\" class=\"yoast-schema-graph\">{\"@context\":\"https:\\\/\\\/schema.org\",\"@graph\":[{\"@type\":\"WebPage\",\"@id\":\"https:\\\/\\\/horizont-entertainment.com\\\/speed-rally-arcade-racing\\\/\",\"url\":\"https:\\\/\\\/horizont-entertainment.com\\\/speed-rally-arcade-racing\\\/\",\"name\":\"Speed Rally - Arcade Racing - Horizont Entertainment\",\"isPartOf\":{\"@id\":\"https:\\\/\\\/horizont-entertainment.com\\\/de\\\/#website\"},\"primaryImageOfPage\":{\"@id\":\"https:\\\/\\\/horizont-entertainment.com\\\/speed-rally-arcade-racing\\\/#primaryimage\"},\"image\":{\"@id\":\"https:\\\/\\\/horizont-entertainment.com\\\/speed-rally-arcade-racing\\\/#primaryimage\"},\"thumbnailUrl\":\"https:\\\/\\\/horizont-entertainment.com\\\/wp-content\\\/uploads\\\/2025\\\/11\\\/Screenshot-2025-11-01-220150.png\",\"datePublished\":\"2025-11-01T22:17:17+00:00\",\"breadcrumb\":{\"@id\":\"https:\\\/\\\/horizont-entertainment.com\\\/speed-rally-arcade-racing\\\/#breadcrumb\"},\"inLanguage\":\"de\",\"potentialAction\":[{\"@type\":\"ReadAction\",\"target\":[\"https:\\\/\\\/horizont-entertainment.com\\\/speed-rally-arcade-racing\\\/\"]}]},{\"@type\":\"ImageObject\",\"inLanguage\":\"de\",\"@id\":\"https:\\\/\\\/horizont-entertainment.com\\\/speed-rally-arcade-racing\\\/#primaryimage\",\"url\":\"https:\\\/\\\/horizont-entertainment.com\\\/wp-content\\\/uploads\\\/2025\\\/11\\\/Screenshot-2025-11-01-220150.png\",\"contentUrl\":\"https:\\\/\\\/horizont-entertainment.com\\\/wp-content\\\/uploads\\\/2025\\\/11\\\/Screenshot-2025-11-01-220150.png\"},{\"@type\":\"BreadcrumbList\",\"@id\":\"https:\\\/\\\/horizont-entertainment.com\\\/speed-rally-arcade-racing\\\/#breadcrumb\",\"itemListElement\":[{\"@type\":\"ListItem\",\"position\":1,\"name\":\"Home\",\"item\":\"https:\\\/\\\/horizont-entertainment.com\\\/de\\\/\"},{\"@type\":\"ListItem\",\"position\":2,\"name\":\"Speed Rally &#8211; Arcade Racing\"}]},{\"@type\":\"WebSite\",\"@id\":\"https:\\\/\\\/horizont-entertainment.com\\\/de\\\/#website\",\"url\":\"https:\\\/\\\/horizont-entertainment.com\\\/de\\\/\",\"name\":\"Horizont Entertainment\",\"description\":\"Game Development for Windows and Mobile\",\"publisher\":{\"@id\":\"https:\\\/\\\/horizont-entertainment.com\\\/de\\\/#organization\"},\"potentialAction\":[{\"@type\":\"SearchAction\",\"target\":{\"@type\":\"EntryPoint\",\"urlTemplate\":\"https:\\\/\\\/horizont-entertainment.com\\\/de\\\/?s={search_term_string}\"},\"query-input\":{\"@type\":\"PropertyValueSpecification\",\"valueRequired\":true,\"valueName\":\"search_term_string\"}}],\"inLanguage\":\"de\"},{\"@type\":\"Organization\",\"@id\":\"https:\\\/\\\/horizont-entertainment.com\\\/de\\\/#organization\",\"name\":\"Horizont Entertainment\",\"url\":\"https:\\\/\\\/horizont-entertainment.com\\\/de\\\/\",\"logo\":{\"@type\":\"ImageObject\",\"inLanguage\":\"de\",\"@id\":\"https:\\\/\\\/horizont-entertainment.com\\\/de\\\/#\\\/schema\\\/logo\\\/image\\\/\",\"url\":\"https:\\\/\\\/horizont-entertainment.com\\\/wp-content\\\/uploads\\\/2025\\\/02\\\/logoforavatar.gif\",\"contentUrl\":\"https:\\\/\\\/horizont-entertainment.com\\\/wp-content\\\/uploads\\\/2025\\\/02\\\/logoforavatar.gif\",\"width\":90,\"height\":90,\"caption\":\"Horizont Entertainment\"},\"image\":{\"@id\":\"https:\\\/\\\/horizont-entertainment.com\\\/de\\\/#\\\/schema\\\/logo\\\/image\\\/\"}}]}<\/script>\n<!-- \/ Yoast SEO plugin. -->","yoast_head_json":{"title":"Speed Rally - Arcade Racing - Horizont Entertainment","robots":{"index":"index","follow":"follow","max-snippet":"max-snippet:-1","max-image-preview":"max-image-preview:large","max-video-preview":"max-video-preview:-1"},"canonical":"https:\/\/horizont-entertainment.com\/de\/speed-rally-arcade-racing\/","og_locale":"de_DE","og_type":"article","og_title":"Speed Rally - Arcade Racing - Horizont Entertainment","og_description":"Speed Rally \u2013 Classic Arcade Racing, Reimagined! Speed Rally&nbsp;is a fast-paced, retro-inspired top-down racer that rekindles the spirit of the golden age of arcade driving. Drawing inspiration from&nbsp;ATARI and C64 classics like&nbsp;Rally Speedway&nbsp;and the&nbsp;Micro Machines&nbsp;series of the 8-bit and 16-bit era, it captures the essence of simple yet thrilling pick-up-and-play racing \u2014 tight handling, instant [&hellip;]","og_url":"https:\/\/horizont-entertainment.com\/de\/speed-rally-arcade-racing\/","og_site_name":"Horizont Entertainment","og_image":[{"width":1024,"height":903,"url":"https:\/\/horizont-entertainment.com\/wp-content\/uploads\/2025\/11\/Screenshot-2025-11-01-220150-1024x903.png","type":"image\/png"}],"twitter_card":"summary_large_image","twitter_misc":{"Gesch\u00e4tzte Lesezeit":"3\u00a0Minuten"},"schema":{"@context":"https:\/\/schema.org","@graph":[{"@type":"WebPage","@id":"https:\/\/horizont-entertainment.com\/speed-rally-arcade-racing\/","url":"https:\/\/horizont-entertainment.com\/speed-rally-arcade-racing\/","name":"Speed Rally - Arcade Racing - Horizont Entertainment","isPartOf":{"@id":"https:\/\/horizont-entertainment.com\/de\/#website"},"primaryImageOfPage":{"@id":"https:\/\/horizont-entertainment.com\/speed-rally-arcade-racing\/#primaryimage"},"image":{"@id":"https:\/\/horizont-entertainment.com\/speed-rally-arcade-racing\/#primaryimage"},"thumbnailUrl":"https:\/\/horizont-entertainment.com\/wp-content\/uploads\/2025\/11\/Screenshot-2025-11-01-220150.png","datePublished":"2025-11-01T22:17:17+00:00","breadcrumb":{"@id":"https:\/\/horizont-entertainment.com\/speed-rally-arcade-racing\/#breadcrumb"},"inLanguage":"de","potentialAction":[{"@type":"ReadAction","target":["https:\/\/horizont-entertainment.com\/speed-rally-arcade-racing\/"]}]},{"@type":"ImageObject","inLanguage":"de","@id":"https:\/\/horizont-entertainment.com\/speed-rally-arcade-racing\/#primaryimage","url":"https:\/\/horizont-entertainment.com\/wp-content\/uploads\/2025\/11\/Screenshot-2025-11-01-220150.png","contentUrl":"https:\/\/horizont-entertainment.com\/wp-content\/uploads\/2025\/11\/Screenshot-2025-11-01-220150.png"},{"@type":"BreadcrumbList","@id":"https:\/\/horizont-entertainment.com\/speed-rally-arcade-racing\/#breadcrumb","itemListElement":[{"@type":"ListItem","position":1,"name":"Home","item":"https:\/\/horizont-entertainment.com\/de\/"},{"@type":"ListItem","position":2,"name":"Speed Rally &#8211; Arcade Racing"}]},{"@type":"WebSite","@id":"https:\/\/horizont-entertainment.com\/de\/#website","url":"https:\/\/horizont-entertainment.com\/de\/","name":"Horizont Entertainment","description":"Game Development f\u00fcr Windows und Mobile","publisher":{"@id":"https:\/\/horizont-entertainment.com\/de\/#organization"},"potentialAction":[{"@type":"SearchAction","target":{"@type":"EntryPoint","urlTemplate":"https:\/\/horizont-entertainment.com\/de\/?s={search_term_string}"},"query-input":{"@type":"PropertyValueSpecification","valueRequired":true,"valueName":"search_term_string"}}],"inLanguage":"de"},{"@type":"Organization","@id":"https:\/\/horizont-entertainment.com\/de\/#organization","name":"Horizont Entertainment","url":"https:\/\/horizont-entertainment.com\/de\/","logo":{"@type":"ImageObject","inLanguage":"de","@id":"https:\/\/horizont-entertainment.com\/de\/#\/schema\/logo\/image\/","url":"https:\/\/horizont-entertainment.com\/wp-content\/uploads\/2025\/02\/logoforavatar.gif","contentUrl":"https:\/\/horizont-entertainment.com\/wp-content\/uploads\/2025\/02\/logoforavatar.gif","width":90,"height":90,"caption":"Horizont Entertainment"},"image":{"@id":"https:\/\/horizont-entertainment.com\/de\/#\/schema\/logo\/image\/"}}]}},"_links":{"self":[{"href":"https:\/\/horizont-entertainment.com\/de\/wp-json\/wp\/v2\/pages\/480","targetHints":{"allow":["GET"]}}],"collection":[{"href":"https:\/\/horizont-entertainment.com\/de\/wp-json\/wp\/v2\/pages"}],"about":[{"href":"https:\/\/horizont-entertainment.com\/de\/wp-json\/wp\/v2\/types\/page"}],"author":[{"embeddable":true,"href":"https:\/\/horizont-entertainment.com\/de\/wp-json\/wp\/v2\/users\/3"}],"replies":[{"embeddable":true,"href":"https:\/\/horizont-entertainment.com\/de\/wp-json\/wp\/v2\/comments?post=480"}],"version-history":[{"count":24,"href":"https:\/\/horizont-entertainment.com\/de\/wp-json\/wp\/v2\/pages\/480\/revisions"}],"predecessor-version":[{"id":509,"href":"https:\/\/horizont-entertainment.com\/de\/wp-json\/wp\/v2\/pages\/480\/revisions\/509"}],"wp:attachment":[{"href":"https:\/\/horizont-entertainment.com\/de\/wp-json\/wp\/v2\/media?parent=480"}],"curies":[{"name":"wp","href":"https:\/\/api.w.org\/{rel}","templated":true}]}}