{"id":421,"date":"2025-03-10T18:44:18","date_gmt":"2025-03-10T18:44:18","guid":{"rendered":"https:\/\/horizont-entertainment.com\/?page_id=421"},"modified":"2025-05-04T19:47:18","modified_gmt":"2025-05-04T19:47:18","slug":"globe-quiz","status":"publish","type":"page","link":"https:\/\/horizont-entertainment.com\/de\/globe-quiz\/","title":{"rendered":"Globe Quiz"},"content":{"rendered":"<div class=\"wp-block-group alignfull is-style-section-1 has-global-padding is-layout-constrained wp-block-group-is-layout-constrained is-style-section-1--1\" style=\"margin-top:0;margin-bottom:0;padding-top:var(--wp--preset--spacing--60);padding-bottom:var(--wp--preset--spacing--60)\">\n<div class=\"wp-block-columns alignwide is-layout-flex wp-container-core-columns-is-layout-643ced6b wp-block-columns-is-layout-flex\">\n<div class=\"wp-block-column is-layout-flow wp-block-column-is-layout-flow\" style=\"flex-basis:40%\">\n<figure class=\"wp-block-image size-full\"><img loading=\"lazy\" decoding=\"async\" width=\"800\" height=\"600\" src=\"https:\/\/horizont-entertainment.com\/wp-content\/uploads\/2025\/02\/WG_Teaser-2.png\" alt=\"\" class=\"wp-image-81\" srcset=\"https:\/\/horizont-entertainment.com\/wp-content\/uploads\/2025\/02\/WG_Teaser-2.png 800w, https:\/\/horizont-entertainment.com\/wp-content\/uploads\/2025\/02\/WG_Teaser-2-300x225.png 300w, https:\/\/horizont-entertainment.com\/wp-content\/uploads\/2025\/02\/WG_Teaser-2-768x576.png 768w\" sizes=\"auto, (max-width: 800px) 100vw, 800px\" \/><\/figure>\n<\/div>\n\n\n\n<div class=\"wp-block-column is-vertically-aligned-center is-layout-flow wp-container-core-column-is-layout-119bc444 wp-block-column-is-layout-flow\" style=\"flex-basis:60%\">\n<h2 class=\"wp-block-heading has-xx-large-font-size\">Globe Quiz &#8211; World Geography<\/h2>\n\n\n\n<p>Erweitere und teste dein Wissen \u00fcber alle L\u00e4nder der Erde. Jage einen Highscore im Quiz zu Namen, Flaggen, St\u00e4dten, W\u00e4hrungen und mehr, w\u00e4hrend du Fragen rund um den Globus beantwortest.<\/p>\n\n\n\n<div class=\"wp-block-group is-vertical is-layout-flex wp-container-core-group-is-layout-41e20069 wp-block-group-is-layout-flex\">\n<h3 class=\"wp-block-heading has-small-font-size\" style=\"font-style:normal;font-weight:600;letter-spacing:1px;text-transform:uppercase\">Available on<\/h3>\n\n\n\n<div class=\"wp-block-group is-layout-flex wp-block-group-is-layout-flex\">\n<p class=\"is-style-text-annotation is-style-text-annotation--2\"><a href=\"https:\/\/play.google.com\/store\/apps\/details?id=com.horizontentertainment.globequiz&amp;pcampaignid=web_share\" target=\"_blank\" rel=\"noreferrer noopener\">Google Play<\/a><\/p>\n<\/div>\n<\/div>\n<\/div>\n<\/div>\n<\/div>\n\n\n\n<div class=\"wp-block-group alignfull is-style-section-1 has-global-padding is-layout-constrained wp-block-group-is-layout-constrained is-style-section-1--3\" id=\"privacy\" style=\"margin-top:0;margin-bottom:0;padding-top:var(--wp--preset--spacing--50);padding-bottom:var(--wp--preset--spacing--50)\">\n<div class=\"wp-block-columns alignwide is-layout-flex wp-container-core-columns-is-layout-7ee84d44 wp-block-columns-is-layout-flex\">\n<div class=\"wp-block-column is-vertically-aligned-center is-layout-flow wp-block-column-is-layout-flow\" style=\"flex-basis:100%\">\n<h2 class=\"wp-block-heading has-xx-large-font-size\">App Datenschutzerkl\u00e4rung<\/h2>\n\n\n\n<p class=\"has-text-align-left has-large-font-size\"><strong>Stand:<\/strong> 15.3.2025<\/p>\n\n\n\n<h3 class=\"wp-block-heading\">1. Allgemeine Hinweise<\/h3>\n\n\n\n<p>Die App \"Globe Quiz \u2013 World Geography\" wird von Horizont Entertainment UG (haftungsbeschr\u00e4nkt), Unter Linden 98, 50859 K\u00f6ln betrieben. Der Schutz Ihrer Daten ist uns wichtig. Diese App erhebt, speichert oder verarbeitet keine personenbezogenen Daten.<\/p>\n\n\n\n<h3 class=\"wp-block-heading\">2. Erhebung und Speicherung von Daten<\/h3>\n\n\n\n<p>Die App selbst erhebt keine personenbezogenen Daten. Allerdings wird f\u00fcr die Bestenliste ein externer Dienst namens LootLocker genutzt.<\/p>\n\n\n\n<p>Folgende Daten k\u00f6nnen \u00fcber LootLocker erfasst werden:<\/p>\n\n\n\n<ul class=\"wp-block-list\">\n<li><strong>Spielername:<\/strong> Der Name, den der Spieler frei w\u00e4hlen kann.<\/li>\n\n\n\n<li><strong>Spielstatistiken:<\/strong> Punkte, l\u00e4ngste Serie, Datum und Zeit, eingestellte Kategorien und Regionen.<\/li>\n<\/ul>\n\n\n\n<p>Diese Daten werden ausschlie\u00dflich zur Anzeige und Verwaltung der Bestenliste verwendet.<\/p>\n\n\n\n<h3 class=\"wp-block-heading\">Verwendung von LootLocker als Drittanbieterdienst<\/h3>\n\n\n\n<p>LootLocker ist ein externer Dienst, der Leaderboards und andere Backend-Funktionen bereitstellt. Die Datenschutzerkl\u00e4rung von LootLocker findest du hier:<br><a href=\"https:\/\/lootlocker.com\/privacy-policy\">https:\/\/lootlocker.com\/privacy-policy<\/a><\/p>\n\n\n\n<p>LootLocker speichert die Daten auf eigenen Servern. Die Speicherung und Verarbeitung erfolgt gem\u00e4\u00df deren Datenschutzrichtlinien.<\/p>\n\n\n\n<h3 class=\"wp-block-heading\">4. Berechtigungen der App<\/h3>\n\n\n\n<p>Die App fordert keine Berechtigungen an, die Zugriff auf pers\u00f6nliche Daten erm\u00f6glichen.<\/p>\n\n\n\n<h3 class=\"wp-block-heading\">5. Kontakt<\/h3>\n\n\n\n<p>Sollten Sie Fragen zum Datenschutz haben, k\u00f6nnen Sie uns unter folgender Adresse kontaktieren:<\/p>\n\n\n\n<p>Horizont Entertainment UG<br>Unter Linden 98<br>50859 K\u00f6ln<br>Germany<br>Email: <a href=\"mailto:globe-quiz@horizont-entertainment.com\">globe-quiz@horizont-entertainment.com<\/a><\/p>\n\n\n\n<h3 class=\"wp-block-heading\">6. \u00c4nderungen dieser Datenschutzerkl\u00e4rung<\/h3>\n\n\n\n<p>Diese Datenschutzerkl\u00e4rung kann in Zukunft angepasst werden, falls sich technische oder gesetzliche Anforderungen \u00e4ndern. Die jeweils aktuelle Version finden Sie unter:<\/p>\n\n\n\n<p class=\"has-text-align-left has-medium-font-size\"><a href=\"https:\/\/horizont-entertainment.com\/de\/globe-quiz\/#privacy\">https:\/\/horizont-entertainment.com\/globe-quiz#privacy<\/a><\/p>\n<\/div>\n<\/div>\n<\/div>","protected":false},"excerpt":{"rendered":"<p>Globe Quiz &#8211; World Geography Grow and test your knowledge of all the countries of the earth. Chase a highscore in the quiz for names, flags, cities, currencies and more as you answer questions around the globe. Available on Google Play App Privacy Disclaimer Last updated: 15.3.2025 1. General Information The app &#8220;Globe Quiz &#8211; [&hellip;]<\/p>\n","protected":false},"author":1,"featured_media":0,"parent":0,"menu_order":0,"comment_status":"closed","ping_status":"closed","template":"","meta":{"footnotes":""},"class_list":["post-421","page","type-page","status-publish","hentry"],"yoast_head":"<!-- This site is optimized with the Yoast SEO plugin v27.4 - https:\/\/yoast.com\/product\/yoast-seo-wordpress\/ -->\n<title>Globe Quiz - Horizont Entertainment<\/title>\n<meta name=\"robots\" content=\"index, follow, max-snippet:-1, max-image-preview:large, max-video-preview:-1\" \/>\n<link rel=\"canonical\" href=\"https:\/\/horizont-entertainment.com\/de\/globe-quiz\/\" \/>\n<meta property=\"og:locale\" content=\"de_DE\" \/>\n<meta property=\"og:type\" content=\"article\" \/>\n<meta property=\"og:title\" content=\"Globe Quiz - Horizont Entertainment\" \/>\n<meta property=\"og:description\" content=\"Globe Quiz &#8211; World Geography Grow and test your knowledge of all the countries of the earth. Chase a highscore in the quiz for names, flags, cities, currencies and more as you answer questions around the globe. Available on Google Play App Privacy Disclaimer Last updated: 15.3.2025 1. General Information The app &#8220;Globe Quiz &#8211; [&hellip;]\" \/>\n<meta property=\"og:url\" content=\"https:\/\/horizont-entertainment.com\/de\/globe-quiz\/\" \/>\n<meta property=\"og:site_name\" content=\"Horizont Entertainment\" \/>\n<meta property=\"article:modified_time\" content=\"2025-05-04T19:47:18+00:00\" \/>\n<meta property=\"og:image\" content=\"https:\/\/horizont-entertainment.com\/wp-content\/uploads\/2025\/02\/WG_Teaser-2.png\" \/>\n<meta name=\"twitter:card\" content=\"summary_large_image\" \/>\n<meta name=\"twitter:label1\" content=\"Gesch\u00e4tzte Lesezeit\" \/>\n\t<meta name=\"twitter:data1\" content=\"2\u00a0Minuten\" \/>\n<script type=\"application\/ld+json\" class=\"yoast-schema-graph\">{\"@context\":\"https:\\\/\\\/schema.org\",\"@graph\":[{\"@type\":\"WebPage\",\"@id\":\"https:\\\/\\\/horizont-entertainment.com\\\/globe-quiz\\\/\",\"url\":\"https:\\\/\\\/horizont-entertainment.com\\\/globe-quiz\\\/\",\"name\":\"Globe Quiz - Horizont Entertainment\",\"isPartOf\":{\"@id\":\"https:\\\/\\\/horizont-entertainment.com\\\/de\\\/#website\"},\"primaryImageOfPage\":{\"@id\":\"https:\\\/\\\/horizont-entertainment.com\\\/globe-quiz\\\/#primaryimage\"},\"image\":{\"@id\":\"https:\\\/\\\/horizont-entertainment.com\\\/globe-quiz\\\/#primaryimage\"},\"thumbnailUrl\":\"https:\\\/\\\/horizont-entertainment.com\\\/wp-content\\\/uploads\\\/2025\\\/02\\\/WG_Teaser-2.png\",\"datePublished\":\"2025-03-10T18:44:18+00:00\",\"dateModified\":\"2025-05-04T19:47:18+00:00\",\"breadcrumb\":{\"@id\":\"https:\\\/\\\/horizont-entertainment.com\\\/globe-quiz\\\/#breadcrumb\"},\"inLanguage\":\"de\",\"potentialAction\":[{\"@type\":\"ReadAction\",\"target\":[\"https:\\\/\\\/horizont-entertainment.com\\\/globe-quiz\\\/\"]}]},{\"@type\":\"ImageObject\",\"inLanguage\":\"de\",\"@id\":\"https:\\\/\\\/horizont-entertainment.com\\\/globe-quiz\\\/#primaryimage\",\"url\":\"https:\\\/\\\/horizont-entertainment.com\\\/wp-content\\\/uploads\\\/2025\\\/02\\\/WG_Teaser-2.png\",\"contentUrl\":\"https:\\\/\\\/horizont-entertainment.com\\\/wp-content\\\/uploads\\\/2025\\\/02\\\/WG_Teaser-2.png\"},{\"@type\":\"BreadcrumbList\",\"@id\":\"https:\\\/\\\/horizont-entertainment.com\\\/globe-quiz\\\/#breadcrumb\",\"itemListElement\":[{\"@type\":\"ListItem\",\"position\":1,\"name\":\"Home\",\"item\":\"https:\\\/\\\/horizont-entertainment.com\\\/de\\\/\"},{\"@type\":\"ListItem\",\"position\":2,\"name\":\"Globe Quiz\"}]},{\"@type\":\"WebSite\",\"@id\":\"https:\\\/\\\/horizont-entertainment.com\\\/de\\\/#website\",\"url\":\"https:\\\/\\\/horizont-entertainment.com\\\/de\\\/\",\"name\":\"Horizont Entertainment\",\"description\":\"Game Development for Windows and Mobile\",\"publisher\":{\"@id\":\"https:\\\/\\\/horizont-entertainment.com\\\/de\\\/#organization\"},\"potentialAction\":[{\"@type\":\"SearchAction\",\"target\":{\"@type\":\"EntryPoint\",\"urlTemplate\":\"https:\\\/\\\/horizont-entertainment.com\\\/de\\\/?s={search_term_string}\"},\"query-input\":{\"@type\":\"PropertyValueSpecification\",\"valueRequired\":true,\"valueName\":\"search_term_string\"}}],\"inLanguage\":\"de\"},{\"@type\":\"Organization\",\"@id\":\"https:\\\/\\\/horizont-entertainment.com\\\/de\\\/#organization\",\"name\":\"Horizont Entertainment\",\"url\":\"https:\\\/\\\/horizont-entertainment.com\\\/de\\\/\",\"logo\":{\"@type\":\"ImageObject\",\"inLanguage\":\"de\",\"@id\":\"https:\\\/\\\/horizont-entertainment.com\\\/de\\\/#\\\/schema\\\/logo\\\/image\\\/\",\"url\":\"https:\\\/\\\/horizont-entertainment.com\\\/wp-content\\\/uploads\\\/2025\\\/02\\\/logoforavatar.gif\",\"contentUrl\":\"https:\\\/\\\/horizont-entertainment.com\\\/wp-content\\\/uploads\\\/2025\\\/02\\\/logoforavatar.gif\",\"width\":90,\"height\":90,\"caption\":\"Horizont Entertainment\"},\"image\":{\"@id\":\"https:\\\/\\\/horizont-entertainment.com\\\/de\\\/#\\\/schema\\\/logo\\\/image\\\/\"}}]}<\/script>\n<!-- \/ Yoast SEO plugin. -->","yoast_head_json":{"title":"Globe Quiz - Horizont Entertainment","robots":{"index":"index","follow":"follow","max-snippet":"max-snippet:-1","max-image-preview":"max-image-preview:large","max-video-preview":"max-video-preview:-1"},"canonical":"https:\/\/horizont-entertainment.com\/de\/globe-quiz\/","og_locale":"de_DE","og_type":"article","og_title":"Globe Quiz - Horizont Entertainment","og_description":"Globe Quiz &#8211; World Geography Grow and test your knowledge of all the countries of the earth. Chase a highscore in the quiz for names, flags, cities, currencies and more as you answer questions around the globe. Available on Google Play App Privacy Disclaimer Last updated: 15.3.2025 1. General Information The app &#8220;Globe Quiz &#8211; [&hellip;]","og_url":"https:\/\/horizont-entertainment.com\/de\/globe-quiz\/","og_site_name":"Horizont Entertainment","article_modified_time":"2025-05-04T19:47:18+00:00","og_image":[{"url":"https:\/\/horizont-entertainment.com\/wp-content\/uploads\/2025\/02\/WG_Teaser-2.png","type":"","width":"","height":""}],"twitter_card":"summary_large_image","twitter_misc":{"Gesch\u00e4tzte Lesezeit":"2\u00a0Minuten"},"schema":{"@context":"https:\/\/schema.org","@graph":[{"@type":"WebPage","@id":"https:\/\/horizont-entertainment.com\/globe-quiz\/","url":"https:\/\/horizont-entertainment.com\/globe-quiz\/","name":"Globe Quiz - Horizont Entertainment","isPartOf":{"@id":"https:\/\/horizont-entertainment.com\/de\/#website"},"primaryImageOfPage":{"@id":"https:\/\/horizont-entertainment.com\/globe-quiz\/#primaryimage"},"image":{"@id":"https:\/\/horizont-entertainment.com\/globe-quiz\/#primaryimage"},"thumbnailUrl":"https:\/\/horizont-entertainment.com\/wp-content\/uploads\/2025\/02\/WG_Teaser-2.png","datePublished":"2025-03-10T18:44:18+00:00","dateModified":"2025-05-04T19:47:18+00:00","breadcrumb":{"@id":"https:\/\/horizont-entertainment.com\/globe-quiz\/#breadcrumb"},"inLanguage":"de","potentialAction":[{"@type":"ReadAction","target":["https:\/\/horizont-entertainment.com\/globe-quiz\/"]}]},{"@type":"ImageObject","inLanguage":"de","@id":"https:\/\/horizont-entertainment.com\/globe-quiz\/#primaryimage","url":"https:\/\/horizont-entertainment.com\/wp-content\/uploads\/2025\/02\/WG_Teaser-2.png","contentUrl":"https:\/\/horizont-entertainment.com\/wp-content\/uploads\/2025\/02\/WG_Teaser-2.png"},{"@type":"BreadcrumbList","@id":"https:\/\/horizont-entertainment.com\/globe-quiz\/#breadcrumb","itemListElement":[{"@type":"ListItem","position":1,"name":"Home","item":"https:\/\/horizont-entertainment.com\/de\/"},{"@type":"ListItem","position":2,"name":"Globe Quiz"}]},{"@type":"WebSite","@id":"https:\/\/horizont-entertainment.com\/de\/#website","url":"https:\/\/horizont-entertainment.com\/de\/","name":"Horizont Entertainment","description":"Game Development f\u00fcr Windows und Mobile","publisher":{"@id":"https:\/\/horizont-entertainment.com\/de\/#organization"},"potentialAction":[{"@type":"SearchAction","target":{"@type":"EntryPoint","urlTemplate":"https:\/\/horizont-entertainment.com\/de\/?s={search_term_string}"},"query-input":{"@type":"PropertyValueSpecification","valueRequired":true,"valueName":"search_term_string"}}],"inLanguage":"de"},{"@type":"Organization","@id":"https:\/\/horizont-entertainment.com\/de\/#organization","name":"Horizont Entertainment","url":"https:\/\/horizont-entertainment.com\/de\/","logo":{"@type":"ImageObject","inLanguage":"de","@id":"https:\/\/horizont-entertainment.com\/de\/#\/schema\/logo\/image\/","url":"https:\/\/horizont-entertainment.com\/wp-content\/uploads\/2025\/02\/logoforavatar.gif","contentUrl":"https:\/\/horizont-entertainment.com\/wp-content\/uploads\/2025\/02\/logoforavatar.gif","width":90,"height":90,"caption":"Horizont Entertainment"},"image":{"@id":"https:\/\/horizont-entertainment.com\/de\/#\/schema\/logo\/image\/"}}]}},"_links":{"self":[{"href":"https:\/\/horizont-entertainment.com\/de\/wp-json\/wp\/v2\/pages\/421","targetHints":{"allow":["GET"]}}],"collection":[{"href":"https:\/\/horizont-entertainment.com\/de\/wp-json\/wp\/v2\/pages"}],"about":[{"href":"https:\/\/horizont-entertainment.com\/de\/wp-json\/wp\/v2\/types\/page"}],"author":[{"embeddable":true,"href":"https:\/\/horizont-entertainment.com\/de\/wp-json\/wp\/v2\/users\/1"}],"replies":[{"embeddable":true,"href":"https:\/\/horizont-entertainment.com\/de\/wp-json\/wp\/v2\/comments?post=421"}],"version-history":[{"count":8,"href":"https:\/\/horizont-entertainment.com\/de\/wp-json\/wp\/v2\/pages\/421\/revisions"}],"predecessor-version":[{"id":446,"href":"https:\/\/horizont-entertainment.com\/de\/wp-json\/wp\/v2\/pages\/421\/revisions\/446"}],"wp:attachment":[{"href":"https:\/\/horizont-entertainment.com\/de\/wp-json\/wp\/v2\/media?parent=421"}],"curies":[{"name":"wp","href":"https:\/\/api.w.org\/{rel}","templated":true}]}}