{"id":285,"date":"2025-02-28T21:27:55","date_gmt":"2025-02-28T21:27:55","guid":{"rendered":"https:\/\/horizont-entertainment.com\/?page_id=285"},"modified":"2025-03-03T23:20:36","modified_gmt":"2025-03-03T23:20:36","slug":"the-archive","status":"publish","type":"page","link":"https:\/\/horizont-entertainment.com\/de\/the-archive\/","title":{"rendered":"The Archive"},"content":{"rendered":"<div class=\"wp-block-group is-style-section-1 is-vertical is-layout-flex wp-container-core-group-is-layout-79d58207 wp-block-group-is-layout-flex is-style-section-1--1\" style=\"padding-top:var(--wp--preset--spacing--30);padding-right:var(--wp--preset--spacing--30);padding-bottom:var(--wp--preset--spacing--30);padding-left:var(--wp--preset--spacing--30)\">\n<p>Horizont Entertainment gibt es seit den fr\u00fchen 1990er Jahren. Wir haben haupts\u00e4chlich kleine Freeware-Titel entwickelt und auf unz\u00e4hlige Arten mit Spieldesign experimentiert \u2013 teils mit Erfolg, teils rein explorativ. <\/p>\n\n\n\n<p>Auf diesem Weg ist es uns gelungen, ein paar Spiele zu ver\u00f6ffentlichen, die in den fr\u00fchen Tagen des Internets ihr Publikum fanden. Damals war schon das Entdecken von Freeware und Shareware ein Abenteuer f\u00fcr sich \u2013 man musste Links aufsp\u00fcren, sich auf Empfehlungen per Mundpropaganda verlassen und sich in einer Welt ohne Steam, mobile App-Stores oder sogar Google zurechtfinden. <\/p>\n<\/div>\n\n\n\n<div class=\"wp-block-group alignfull is-style-section-1 has-global-padding is-layout-constrained wp-container-core-group-is-layout-f1737c47 wp-block-group-is-layout-constrained has-background is-style-section-1--2\" style=\"margin-top:var(--wp--preset--spacing--40);margin-bottom:var(--wp--preset--spacing--40);padding-top:var(--wp--preset--spacing--40);padding-right:0;padding-bottom:var(--wp--preset--spacing--40);padding-left:0;background-image:url(&#039;https:\/\/horizont-entertainment.com\/wp-content\/uploads\/2025\/02\/impdots-1.gif&#039;);background-position:50% 0;background-size:auto;\">\n<div class=\"wp-block-columns alignfull is-layout-flex wp-container-core-columns-is-layout-8e649ad3 wp-block-columns-is-layout-flex\" style=\"padding-right:0;padding-left:0\">\n<div class=\"wp-block-column is-layout-flow wp-block-column-is-layout-flow\" style=\"flex-basis:50%\">\n<figure class=\"wp-block-image aligncenter\"><a href=\"https:\/\/horizont-entertainment.com\/de\/batlords\/\"><img loading=\"lazy\" decoding=\"async\" width=\"640\" height=\"400\" src=\"https:\/\/horizont-entertainment.com\/wp-content\/uploads\/2025\/02\/shot5-1.jpg\" alt=\"\" class=\"wp-image-210\" style=\"object-fit:cover\" srcset=\"https:\/\/horizont-entertainment.com\/wp-content\/uploads\/2025\/02\/shot5-1.jpg 640w, https:\/\/horizont-entertainment.com\/wp-content\/uploads\/2025\/02\/shot5-1-300x188.jpg 300w, https:\/\/horizont-entertainment.com\/wp-content\/uploads\/2025\/02\/shot5-1-18x12.jpg 18w\" sizes=\"auto, (max-width: 640px) 100vw, 640px\" \/><\/a><\/figure>\n<\/div>\n\n\n\n<div class=\"wp-block-column is-vertically-aligned-center is-layout-flow wp-block-column-is-layout-flow\" style=\"padding-top:var(--wp--preset--spacing--60);padding-right:var(--wp--preset--spacing--60);padding-bottom:var(--wp--preset--spacing--60);padding-left:var(--wp--preset--spacing--60)\">\n<h2 class=\"wp-block-heading has-xx-large-font-size\"><a href=\"https:\/\/horizont-entertainment.com\/de\/batlords\/\" data-type=\"page\" data-id=\"186\">Battlelords<\/a><\/h2>\n\n\n\n<p>Reise zur\u00fcck in die Vergangenheit mit diesem Freeware-Rundenstrategiespiel von vor der Jahrhundertwende. <\/p>\n\n\n\n<p>Entwickelt f\u00fcr MS-DOS und Windows 9x, l\u00e4sst es sich auch heute noch mit einem DOS-Emulator spielen<\/p>\n\n\n\n<p class=\"has-medium-font-size\"><\/p>\n<\/div>\n<\/div>\n<\/div>\n\n\n\n<div class=\"wp-block-group alignfull is-style-section-1 has-global-padding is-layout-constrained wp-container-core-group-is-layout-f1737c47 wp-block-group-is-layout-constrained has-background is-style-section-1--3\" style=\"margin-top:var(--wp--preset--spacing--40);margin-bottom:var(--wp--preset--spacing--40);padding-top:var(--wp--preset--spacing--40);padding-right:0;padding-bottom:var(--wp--preset--spacing--40);padding-left:0;background-image:url(&#039;https:\/\/horizont-entertainment.com\/wp-content\/uploads\/2025\/02\/impdots-1.gif&#039;);background-position:50% 0;background-size:auto;\">\n<div class=\"wp-block-columns alignfull is-layout-flex wp-container-core-columns-is-layout-8e649ad3 wp-block-columns-is-layout-flex\" style=\"padding-right:0;padding-left:0\">\n<div class=\"wp-block-column is-vertically-aligned-center is-layout-flow wp-block-column-is-layout-flow\" style=\"padding-top:var(--wp--preset--spacing--60);padding-right:var(--wp--preset--spacing--60);padding-bottom:var(--wp--preset--spacing--60);padding-left:var(--wp--preset--spacing--60)\">\n<h2 class=\"wp-block-heading has-xx-large-font-size\"><a href=\"https:\/\/horizont-entertainment.com\/de\/vyrox\/\" data-type=\"page\" data-id=\"282\">Vyrox<\/a><\/h2>\n\n\n\n<p>Probiere unser Freeware-Arcade-Spiel aus, das von ber\u00fchmten 8-Bit-Klassikern wie Breakout oder Traz inspiriert wurde. <\/p>\n\n\n\n<p>Es bietet all die beliebten Features wie Multiball, Laser, Brickblast, Multiplayer und vieles mehr. Zudem unterst\u00fctzt es modulare Skins und Level-Erweiterungen und kann auch heute noch auf modernen Windows- und Linux-Systemen gespielt werden!<\/p>\n\n\n\n<p class=\"has-medium-font-size\"><\/p>\n<\/div>\n\n\n\n<div class=\"wp-block-column is-layout-flow wp-block-column-is-layout-flow\" style=\"padding-top:0;padding-right:var(--wp--preset--spacing--30);padding-bottom:0;padding-left:var(--wp--preset--spacing--30);flex-basis:50%\">\n<figure class=\"wp-block-image aligncenter size-full\"><a href=\"https:\/\/horizont-entertainment.com\/de\/vyrox\/\"><img loading=\"lazy\" decoding=\"async\" width=\"806\" height=\"625\" src=\"https:\/\/horizont-entertainment.com\/wp-content\/uploads\/2025\/02\/shot6.jpg\" alt=\"\" class=\"wp-image-312\" style=\"object-fit:cover\" srcset=\"https:\/\/horizont-entertainment.com\/wp-content\/uploads\/2025\/02\/shot6.jpg 806w, https:\/\/horizont-entertainment.com\/wp-content\/uploads\/2025\/02\/shot6-300x233.jpg 300w, https:\/\/horizont-entertainment.com\/wp-content\/uploads\/2025\/02\/shot6-768x596.jpg 768w, https:\/\/horizont-entertainment.com\/wp-content\/uploads\/2025\/02\/shot6-15x12.jpg 15w\" sizes=\"auto, (max-width: 806px) 100vw, 806px\" \/><\/a><\/figure>\n<\/div>\n<\/div>\n<\/div>\n\n\n\n<aside class=\"wp-block-group alignfull is-style-section-1 has-global-padding is-layout-constrained wp-container-core-group-is-layout-f0f2a97b wp-block-group-is-layout-constrained is-style-section-1--4\" style=\"margin-top:0;margin-bottom:0;padding-top:var(--wp--preset--spacing--50);padding-right:var(--wp--preset--spacing--50);padding-bottom:var(--wp--preset--spacing--50);padding-left:var(--wp--preset--spacing--50)\"><\/aside>","protected":false},"excerpt":{"rendered":"<p>Horizont Entertainment has been around since the early 1990s, primarily developing small freeware titles and experimenting with game design in countless ways\u2014some successful, some purely exploratory. Along the way, we managed to release a few games that found an audience in the early days of the internet. Back then, discovering freeware and shareware was an [&hellip;]<\/p>\n","protected":false},"author":1,"featured_media":308,"parent":0,"menu_order":0,"comment_status":"closed","ping_status":"closed","template":"","meta":{"footnotes":""},"class_list":["post-285","page","type-page","status-publish","has-post-thumbnail","hentry"],"yoast_head":"<!-- This site is optimized with the Yoast SEO plugin v27.4 - https:\/\/yoast.com\/product\/yoast-seo-wordpress\/ -->\n<title>The Archive - Horizont Entertainment<\/title>\n<meta name=\"robots\" content=\"index, follow, max-snippet:-1, max-image-preview:large, max-video-preview:-1\" \/>\n<link rel=\"canonical\" href=\"https:\/\/horizont-entertainment.com\/de\/the-archive\/\" \/>\n<meta property=\"og:locale\" content=\"de_DE\" \/>\n<meta property=\"og:type\" content=\"article\" \/>\n<meta property=\"og:title\" content=\"The Archive - Horizont Entertainment\" \/>\n<meta property=\"og:description\" content=\"Horizont Entertainment has been around since the early 1990s, primarily developing small freeware titles and experimenting with game design in countless ways\u2014some successful, some purely exploratory. Along the way, we managed to release a few games that found an audience in the early days of the internet. Back then, discovering freeware and shareware was an [&hellip;]\" \/>\n<meta property=\"og:url\" content=\"https:\/\/horizont-entertainment.com\/de\/the-archive\/\" \/>\n<meta property=\"og:site_name\" content=\"Horizont Entertainment\" \/>\n<meta property=\"article:modified_time\" content=\"2025-03-03T23:20:36+00:00\" \/>\n<meta property=\"og:image\" content=\"https:\/\/horizont-entertainment.com\/wp-content\/uploads\/2025\/02\/archive-1.png\" \/>\n\t<meta property=\"og:image:width\" content=\"1558\" \/>\n\t<meta property=\"og:image:height\" content=\"393\" \/>\n\t<meta property=\"og:image:type\" content=\"image\/png\" \/>\n<meta name=\"twitter:card\" content=\"summary_large_image\" \/>\n<meta name=\"twitter:label1\" content=\"Gesch\u00e4tzte Lesezeit\" \/>\n\t<meta name=\"twitter:data1\" content=\"1\u00a0Minute\" \/>\n<script type=\"application\/ld+json\" class=\"yoast-schema-graph\">{\"@context\":\"https:\\\/\\\/schema.org\",\"@graph\":[{\"@type\":\"WebPage\",\"@id\":\"https:\\\/\\\/horizont-entertainment.com\\\/the-archive\\\/\",\"url\":\"https:\\\/\\\/horizont-entertainment.com\\\/the-archive\\\/\",\"name\":\"The Archive - Horizont Entertainment\",\"isPartOf\":{\"@id\":\"https:\\\/\\\/horizont-entertainment.com\\\/de\\\/#website\"},\"primaryImageOfPage\":{\"@id\":\"https:\\\/\\\/horizont-entertainment.com\\\/the-archive\\\/#primaryimage\"},\"image\":{\"@id\":\"https:\\\/\\\/horizont-entertainment.com\\\/the-archive\\\/#primaryimage\"},\"thumbnailUrl\":\"https:\\\/\\\/horizont-entertainment.com\\\/wp-content\\\/uploads\\\/2025\\\/02\\\/archive-1.png\",\"datePublished\":\"2025-02-28T21:27:55+00:00\",\"dateModified\":\"2025-03-03T23:20:36+00:00\",\"breadcrumb\":{\"@id\":\"https:\\\/\\\/horizont-entertainment.com\\\/the-archive\\\/#breadcrumb\"},\"inLanguage\":\"de\",\"potentialAction\":[{\"@type\":\"ReadAction\",\"target\":[\"https:\\\/\\\/horizont-entertainment.com\\\/the-archive\\\/\"]}]},{\"@type\":\"ImageObject\",\"inLanguage\":\"de\",\"@id\":\"https:\\\/\\\/horizont-entertainment.com\\\/the-archive\\\/#primaryimage\",\"url\":\"https:\\\/\\\/horizont-entertainment.com\\\/wp-content\\\/uploads\\\/2025\\\/02\\\/archive-1.png\",\"contentUrl\":\"https:\\\/\\\/horizont-entertainment.com\\\/wp-content\\\/uploads\\\/2025\\\/02\\\/archive-1.png\",\"width\":1558,\"height\":393},{\"@type\":\"BreadcrumbList\",\"@id\":\"https:\\\/\\\/horizont-entertainment.com\\\/the-archive\\\/#breadcrumb\",\"itemListElement\":[{\"@type\":\"ListItem\",\"position\":1,\"name\":\"Home\",\"item\":\"https:\\\/\\\/horizont-entertainment.com\\\/de\\\/\"},{\"@type\":\"ListItem\",\"position\":2,\"name\":\"The Archive\"}]},{\"@type\":\"WebSite\",\"@id\":\"https:\\\/\\\/horizont-entertainment.com\\\/de\\\/#website\",\"url\":\"https:\\\/\\\/horizont-entertainment.com\\\/de\\\/\",\"name\":\"Horizont Entertainment\",\"description\":\"Game Development for Windows and Mobile\",\"publisher\":{\"@id\":\"https:\\\/\\\/horizont-entertainment.com\\\/de\\\/#organization\"},\"potentialAction\":[{\"@type\":\"SearchAction\",\"target\":{\"@type\":\"EntryPoint\",\"urlTemplate\":\"https:\\\/\\\/horizont-entertainment.com\\\/de\\\/?s={search_term_string}\"},\"query-input\":{\"@type\":\"PropertyValueSpecification\",\"valueRequired\":true,\"valueName\":\"search_term_string\"}}],\"inLanguage\":\"de\"},{\"@type\":\"Organization\",\"@id\":\"https:\\\/\\\/horizont-entertainment.com\\\/de\\\/#organization\",\"name\":\"Horizont Entertainment\",\"url\":\"https:\\\/\\\/horizont-entertainment.com\\\/de\\\/\",\"logo\":{\"@type\":\"ImageObject\",\"inLanguage\":\"de\",\"@id\":\"https:\\\/\\\/horizont-entertainment.com\\\/de\\\/#\\\/schema\\\/logo\\\/image\\\/\",\"url\":\"https:\\\/\\\/horizont-entertainment.com\\\/wp-content\\\/uploads\\\/2025\\\/02\\\/logoforavatar.gif\",\"contentUrl\":\"https:\\\/\\\/horizont-entertainment.com\\\/wp-content\\\/uploads\\\/2025\\\/02\\\/logoforavatar.gif\",\"width\":90,\"height\":90,\"caption\":\"Horizont Entertainment\"},\"image\":{\"@id\":\"https:\\\/\\\/horizont-entertainment.com\\\/de\\\/#\\\/schema\\\/logo\\\/image\\\/\"}}]}<\/script>\n<!-- \/ Yoast SEO plugin. -->","yoast_head_json":{"title":"The Archive - Horizont Entertainment","robots":{"index":"index","follow":"follow","max-snippet":"max-snippet:-1","max-image-preview":"max-image-preview:large","max-video-preview":"max-video-preview:-1"},"canonical":"https:\/\/horizont-entertainment.com\/de\/the-archive\/","og_locale":"de_DE","og_type":"article","og_title":"The Archive - Horizont Entertainment","og_description":"Horizont Entertainment has been around since the early 1990s, primarily developing small freeware titles and experimenting with game design in countless ways\u2014some successful, some purely exploratory. Along the way, we managed to release a few games that found an audience in the early days of the internet. Back then, discovering freeware and shareware was an [&hellip;]","og_url":"https:\/\/horizont-entertainment.com\/de\/the-archive\/","og_site_name":"Horizont Entertainment","article_modified_time":"2025-03-03T23:20:36+00:00","og_image":[{"width":1558,"height":393,"url":"https:\/\/horizont-entertainment.com\/wp-content\/uploads\/2025\/02\/archive-1.png","type":"image\/png"}],"twitter_card":"summary_large_image","twitter_misc":{"Gesch\u00e4tzte Lesezeit":"1\u00a0Minute"},"schema":{"@context":"https:\/\/schema.org","@graph":[{"@type":"WebPage","@id":"https:\/\/horizont-entertainment.com\/the-archive\/","url":"https:\/\/horizont-entertainment.com\/the-archive\/","name":"The Archive - Horizont Entertainment","isPartOf":{"@id":"https:\/\/horizont-entertainment.com\/de\/#website"},"primaryImageOfPage":{"@id":"https:\/\/horizont-entertainment.com\/the-archive\/#primaryimage"},"image":{"@id":"https:\/\/horizont-entertainment.com\/the-archive\/#primaryimage"},"thumbnailUrl":"https:\/\/horizont-entertainment.com\/wp-content\/uploads\/2025\/02\/archive-1.png","datePublished":"2025-02-28T21:27:55+00:00","dateModified":"2025-03-03T23:20:36+00:00","breadcrumb":{"@id":"https:\/\/horizont-entertainment.com\/the-archive\/#breadcrumb"},"inLanguage":"de","potentialAction":[{"@type":"ReadAction","target":["https:\/\/horizont-entertainment.com\/the-archive\/"]}]},{"@type":"ImageObject","inLanguage":"de","@id":"https:\/\/horizont-entertainment.com\/the-archive\/#primaryimage","url":"https:\/\/horizont-entertainment.com\/wp-content\/uploads\/2025\/02\/archive-1.png","contentUrl":"https:\/\/horizont-entertainment.com\/wp-content\/uploads\/2025\/02\/archive-1.png","width":1558,"height":393},{"@type":"BreadcrumbList","@id":"https:\/\/horizont-entertainment.com\/the-archive\/#breadcrumb","itemListElement":[{"@type":"ListItem","position":1,"name":"Home","item":"https:\/\/horizont-entertainment.com\/de\/"},{"@type":"ListItem","position":2,"name":"The Archive"}]},{"@type":"WebSite","@id":"https:\/\/horizont-entertainment.com\/de\/#website","url":"https:\/\/horizont-entertainment.com\/de\/","name":"Horizont Entertainment","description":"Game Development f\u00fcr Windows und Mobile","publisher":{"@id":"https:\/\/horizont-entertainment.com\/de\/#organization"},"potentialAction":[{"@type":"SearchAction","target":{"@type":"EntryPoint","urlTemplate":"https:\/\/horizont-entertainment.com\/de\/?s={search_term_string}"},"query-input":{"@type":"PropertyValueSpecification","valueRequired":true,"valueName":"search_term_string"}}],"inLanguage":"de"},{"@type":"Organization","@id":"https:\/\/horizont-entertainment.com\/de\/#organization","name":"Horizont Entertainment","url":"https:\/\/horizont-entertainment.com\/de\/","logo":{"@type":"ImageObject","inLanguage":"de","@id":"https:\/\/horizont-entertainment.com\/de\/#\/schema\/logo\/image\/","url":"https:\/\/horizont-entertainment.com\/wp-content\/uploads\/2025\/02\/logoforavatar.gif","contentUrl":"https:\/\/horizont-entertainment.com\/wp-content\/uploads\/2025\/02\/logoforavatar.gif","width":90,"height":90,"caption":"Horizont Entertainment"},"image":{"@id":"https:\/\/horizont-entertainment.com\/de\/#\/schema\/logo\/image\/"}}]}},"_links":{"self":[{"href":"https:\/\/horizont-entertainment.com\/de\/wp-json\/wp\/v2\/pages\/285","targetHints":{"allow":["GET"]}}],"collection":[{"href":"https:\/\/horizont-entertainment.com\/de\/wp-json\/wp\/v2\/pages"}],"about":[{"href":"https:\/\/horizont-entertainment.com\/de\/wp-json\/wp\/v2\/types\/page"}],"author":[{"embeddable":true,"href":"https:\/\/horizont-entertainment.com\/de\/wp-json\/wp\/v2\/users\/1"}],"replies":[{"embeddable":true,"href":"https:\/\/horizont-entertainment.com\/de\/wp-json\/wp\/v2\/comments?post=285"}],"version-history":[{"count":11,"href":"https:\/\/horizont-entertainment.com\/de\/wp-json\/wp\/v2\/pages\/285\/revisions"}],"predecessor-version":[{"id":416,"href":"https:\/\/horizont-entertainment.com\/de\/wp-json\/wp\/v2\/pages\/285\/revisions\/416"}],"wp:featuredmedia":[{"embeddable":true,"href":"https:\/\/horizont-entertainment.com\/de\/wp-json\/wp\/v2\/media\/308"}],"wp:attachment":[{"href":"https:\/\/horizont-entertainment.com\/de\/wp-json\/wp\/v2\/media?parent=285"}],"curies":[{"name":"wp","href":"https:\/\/api.w.org\/{rel}","templated":true}]}}