{"id":2,"date":"2025-02-06T13:17:36","date_gmt":"2025-02-06T13:17:36","guid":{"rendered":"http:\/\/horizont-entertainment.de\/?page_id=2"},"modified":"2025-02-28T16:15:58","modified_gmt":"2025-02-28T16:15:58","slug":"privacy","status":"publish","type":"page","link":"https:\/\/horizont-entertainment.com\/de\/privacy\/","title":{"rendered":"Datenschutzerkl\u00e4rung"},"content":{"rendered":"<div class=\"wp-block-group alignwide is-style-default has-medium-font-size is-layout-flow wp-container-core-group-is-layout-19eabfb7 wp-block-group-is-layout-flow\">\n<h3 class=\"wp-block-heading\">1. Datenschutz auf einen Blick<\/h3>\n\n\n\n<h4 class=\"wp-block-heading\">Allgemeine Hinweise<\/h4>\n\n\n\n<p>Die folgenden Hinweise geben einen einfachen \u00dcberblick dar\u00fcber, was mit Ihren personenbezogenen Daten passiert, wenn Sie unsere Website besuchen. Personenbezogene Daten sind alle Daten, mit denen Sie pers\u00f6nlich identifiziert werden k\u00f6nnen.<\/p>\n\n\n\n<p>Detaillierte Informationen zum Thema Datenschutz entnehmen Sie unserer nachfolgenden Datenschutzerkl\u00e4rung.<\/p>\n\n\n\n<h3 class=\"wp-block-heading\">2. Verantwortliche Stelle<\/h3>\n\n\n\n<p>Verantwortlich f\u00fcr die Datenverarbeitung auf dieser Website ist:<\/p>\n\n\n\n<p><strong>Horizont Entertainment UG (haftungsbeschr\u00e4nkt)<\/strong><br>Peter Voss<br>Unter Linden 98<br>50859 Cologne, Germany<br>Phone: +49 160 1572154<br>Email: <a>office@horizont-entertainment.com<\/a><\/p>\n\n\n\n<h3 class=\"wp-block-heading\">3. Datenerfassung auf unserer Website<\/h3>\n\n\n\n<h4 class=\"wp-block-heading\">Wie erfassen wir Ihre Daten?<\/h4>\n\n\n\n<p>Ihre Daten werden wie folgt erfasst<\/p>\n\n\n\n<ol class=\"wp-block-list\">\n<li class=\"translation-block\">Ihre Daten werden zum einen dadurch erhoben, dass Sie uns diese mitteilen. Hierbei kann es sich z. B. um Daten handeln, die Sie in ein Kontaktformular eingeben.<\/li>\n\n\n\n<li class=\"translation-block\">Andere Daten werden automatisch beim Besuch der Website durch unsere IT-Systeme erfasst. Das sind vor allem technische Daten (z. B. Internetbrowser, Betriebssystem oder Uhrzeit des Seitenaufrufs). Die Erfassung dieser Daten erfolgt automatisch, sobald Sie unsere Website betreten.<\/li>\n<\/ol>\n\n\n\n<h4 class=\"wp-block-heading\">Wof\u00fcr nutzen wir Ihre Daten?<\/h4>\n\n\n\n<p>Ein Teil der Daten wird erhoben, um eine fehlerfreie Bereitstellung der Website zu gew\u00e4hrleisten. Andere Daten k\u00f6nnen zur Analyse Ihres Nutzerverhaltens verwendet werden.<\/p>\n\n\n\n<h4 class=\"wp-block-heading\">Welche Rechte haben Sie bez\u00fcglich Ihrer Daten?<\/h4>\n\n\n\n<p>Sie haben jederzeit das Recht, unentgeltlich Auskunft \u00fcber Herkunft, Empf\u00e4nger und Zweck Ihrer gespeicherten personenbezogenen Daten zu erhalten. Sie haben au\u00dferdem das Recht, die Berichtigung, Sperrung oder L\u00f6schung dieser Daten zu verlangen.<\/p>\n\n\n\n<p class=\"translation-block\">Hierzu sowie zu weiteren Fragen zum Thema Datenschutz k\u00f6nnen Sie sich jederzeit unter der im Impressum angegebenen Adresse an uns wenden.<\/p>\n\n\n\n<h3 class=\"wp-block-heading\">4. Hosting und Content Delivery Networks (CDN)<\/h3>\n\n\n\n<p>Unsere Website wird bei einem externen Dienstleister gehostet (Hosting-Provider). Die personenbezogenen Daten, die auf dieser Website erfasst werden, werden auf den Servern des Hosters gespeichert. Dies umfasst IP-Adressen, Meta- und Kommunikationsdaten, Vertragsdaten, Kontaktdaten, Namen, Webseitenzugriffe und andere \u00fcber eine Website generierte Daten.<\/p>\n\n\n\n<p>Unser Hoster verarbeitet Ihre Daten nur, soweit dies zur Erf\u00fcllung seiner Leistungspflichten erforderlich ist und wir ihn hierzu angewiesen haben.<\/p>\n\n\n\n<h4 class=\"wp-block-heading\">Hosting Provider:<\/h4>\n\n\n\n<p><strong>STRATO GmbH<\/strong><br>Otto-Ostrowski-Stra\u00dfe 7<br>10249 Berlin, Germany<\/p>\n\n\n\n<p>Das Hosting erfolgt auf Grundlage unseres berechtigten Interesses an einer sicheren, schnellen und effizienten Bereitstellung unseres Online-Angebots (Art. 6 Abs. 1 lit. f DSGVO).<\/p>\n\n\n\n<h3 class=\"wp-block-heading\">Datenerfassung auf unserer Website<\/h3>\n\n\n\n<h4 class=\"wp-block-heading\">Cookies<\/h4>\n\n\n\n<p>Unsere Website verwendet teilweise sogenannte Cookies. Cookies richten auf Ihrem Rechner keinen Schaden an und enthalten keine Viren. Sie dienen dazu, unser Angebot nutzerfreundlicher, effektiver und sicherer zu machen.<\/p>\n\n\n\n<p>Sie k\u00f6nnen Ihren Browser so einstellen, dass Sie \u00fcber das Setzen von Cookies informiert werden und Cookies nur im Einzelfall erlauben oder grunds\u00e4tzlich ausschlie\u00dfen.<\/p>\n\n\n\n<h4 class=\"wp-block-heading\">Server Log Files<\/h4>\n\n\n\n<p>Der Provider der Seiten erhebt und speichert automatisch Informationen in sogenannten Server-Log-Dateien, die Ihr Browser automatisch an uns \u00fcbermittelt. Dies sind:<\/p>\n\n\n\n<ul class=\"wp-block-list\">\n<li>Browsertyp und Browserversion<\/li>\n\n\n\n<li>Verwendetes Betriebssystem<\/li>\n\n\n\n<li>Referrer URL<\/li>\n\n\n\n<li>Hostname des zugreifenden Rechners<\/li>\n\n\n\n<li>Uhrzeit der Serveranfrage<\/li>\n\n\n\n<li>IP-Adresse<\/li>\n<\/ul>\n\n\n\n<p>Diese Daten sind nicht bestimmten Personen zuordenbar und werden nicht mit anderen Datenquellen zusammengef\u00fchrt. Grundlage f\u00fcr die Datenverarbeitung ist Art. 6 Abs. 1 lit. f DSGVO, da wir ein berechtigtes Interesse an der technisch fehlerfreien Darstellung und Optimierung unserer Website haben.<\/p>\n\n\n\n<p class=\"translation-block\">Unsere Website nutzt Google Site Kit, ein Plugin zur Verwaltung und Integration verschiedener Google-Dienste. Anbieter ist Google Ireland Limited, Gordon House, Barrow Street, Dublin 4, Irland. Site Kit bindet folgende Dienste ein:<\/p>\n\n\n\n<ul class=\"wp-block-list\">\n<li><strong>Google Analytics<\/strong> (Web analytics)<\/li>\n\n\n\n<li><strong>Google Search Console<\/strong> (SEO data)<\/li>\n\n\n\n<li><strong>Google AdSense<\/strong> (Advertising, if enabled)<\/li>\n\n\n\n<li><strong>Google Tag Manager<\/strong> (Tracking scripts, if enabled)<\/li>\n\n\n\n<li><strong>PageSpeed Insights<\/strong> (Performance analysis)<\/li>\n<\/ul>\n\n\n\n<p>Google Site Kit verarbeitet personenbezogene Daten wie IP-Adressen, Ger\u00e4teinformationen und Nutzungsverhalten auf unserer Website. Weitere Informationen: <a>https:\/\/policies.google.com\/privacy<\/a>.<\/p>\n\n\n\n<p class=\"translation-block\"><strong>Google Analytics<\/strong><br>Diese Website nutzt Funktionen von Google Analytics, einem Webanalysedienst von Google Ireland Limited. Google Analytics verwendet Cookies, die eine Analyse der Nutzung der Website erm\u00f6glichen. Die dabei erzeugten Informationen werden in der Regel an einen Server von Google in den USA \u00fcbertragen und dort gespeichert.<\/p>\n\n\n\n<ul class=\"wp-block-list\">\n<li class=\"translation-block\">Wir haben IP-Anonymisierung aktiviert, sodass eure IP-Adresse innerhalb der EU gek\u00fcrzt wird.<\/li>\n\n\n\n<li class=\"translation-block\">Die Datenverarbeitung erfolgt auf Grundlage von Art. 6 Abs. 1 lit. a DSGVO (Einwilligung \u00fcber das Cookie-Banner).<\/li>\n<\/ul>\n\n\n\n<p><strong>Widerspruch gegen Datenerfassung durch Google Analytics:<\/strong><\/p>\n\n\n\n<ul class=\"wp-block-list\">\n<li class=\"translation-block\">Nutzer k\u00f6nnen die Erfassung ihrer Daten verhindern, indem sie diesen Link aufrufen und ein Opt-Out-Cookie setzen:<br><a target=\"_self\">https:\/\/tools.google.com\/dlpage\/gaoptout<\/a>.<\/li>\n\n\n\n<li class=\"translation-block\">Alternativ k\u00f6nnen Nutzer ihre Google-Kontoeinstellungen hier anpassen:<br><a href=\"https:\/\/myaccount.google.com\/\" target=\"_self\">https:\/\/myaccount.google.com\/<\/a>.<\/li>\n<\/ul>\n\n\n\n<p class=\"translation-block\">Weitere Informationen zur Datenverarbeitung durch Google Analytics finden Sie unter: <a target=\"_self\">https:\/\/support.google.com\/analytics\/answer\/6004245<\/a>.<\/p>\n\n\n\n<h3 class=\"wp-block-heading\">6. Ihre Rechte nach der DSGVO<\/h3>\n\n\n\n<p>Sie haben das Recht:<\/p>\n\n\n\n<ul class=\"wp-block-list\">\n<li class=\"translation-block\">gem\u00e4\u00df Art. 15 DSGVO Auskunft \u00fcber Ihre gespeicherten Daten zu verlangen,<\/li>\n\n\n\n<li class=\"translation-block\">gem\u00e4\u00df Art. 16 DSGVO unverz\u00fcglich die Berichtigung unrichtiger oder unvollst\u00e4ndiger Daten zu verlangen,<\/li>\n\n\n\n<li class=\"translation-block\">gem\u00e4\u00df Art. 17 DSGVO die L\u00f6schung Ihrer bei uns gespeicherten Daten zu verlangen,<\/li>\n\n\n\n<li class=\"translation-block\">gem\u00e4\u00df Art. 18 DSGVO die Einschr\u00e4nkung der Verarbeitung Ihrer Daten zu verlangen,<\/li>\n\n\n\n<li class=\"translation-block\">gem\u00e4\u00df Art. 20 DSGVO Ihre personenbezogenen Daten in einem strukturierten, g\u00e4ngigen und maschinenlesbaren Format zu erhalten,<\/li>\n\n\n\n<li class=\"translation-block\">gem\u00e4\u00df Art. 21 DSGVO Widerspruch gegen die Verarbeitung Ihrer Daten einzulegen.<\/li>\n<\/ul>\n\n\n\n<p>Hierzu sowie zu weiteren Fragen zum Thema Datenschutz k\u00f6nnen Sie sich jederzeit an uns wenden.<\/p>\n\n\n\n<h3 class=\"wp-block-heading\">7. Widerspruch gegen Werbe-E-Mails<\/h3>\n\n\n\n<p class=\"translation-block\">Der Nutzung von im Rahmen der Impressumspflicht ver\u00f6ffentlichten Kontaktdaten zur \u00dcbersendung von nicht ausdr\u00fccklich angeforderter Werbung und Informationsmaterialien wird hiermit widersprochen. Die Betreiber der Seiten behalten sich ausdr\u00fccklich rechtliche Schritte im Falle der unverlangten Zusendung von Werbeinformationen, etwa durch Spam-E-Mails, vor.<\/p>\n<\/div>","protected":false},"excerpt":{"rendered":"<p>1. Privacy at a Glance General Information The following information provides a simple overview of what happens to your personal data when you visit our website. Personal data includes all data that can personally identify you. Detailed information on data protection can be found in our privacy policy below. 2. Responsible Entity The entity responsible [&hellip;]<\/p>\n","protected":false},"author":1,"featured_media":309,"parent":0,"menu_order":0,"comment_status":"closed","ping_status":"open","template":"","meta":{"footnotes":""},"class_list":["post-2","page","type-page","status-publish","has-post-thumbnail","hentry"],"yoast_head":"<!-- This site is optimized with the Yoast SEO plugin v27.4 - https:\/\/yoast.com\/product\/yoast-seo-wordpress\/ -->\n<title>Privacy Disclaimer - Horizont Entertainment<\/title>\n<meta name=\"robots\" content=\"index, follow, max-snippet:-1, max-image-preview:large, max-video-preview:-1\" \/>\n<link rel=\"canonical\" href=\"https:\/\/horizont-entertainment.com\/de\/privacy\/\" \/>\n<meta property=\"og:locale\" content=\"de_DE\" \/>\n<meta property=\"og:type\" content=\"article\" \/>\n<meta property=\"og:title\" content=\"Privacy Disclaimer - Horizont Entertainment\" \/>\n<meta property=\"og:description\" content=\"1. Privacy at a Glance General Information The following information provides a simple overview of what happens to your personal data when you visit our website. Personal data includes all data that can personally identify you. Detailed information on data protection can be found in our privacy policy below. 2. Responsible Entity The entity responsible [&hellip;]\" \/>\n<meta property=\"og:url\" content=\"https:\/\/horizont-entertainment.com\/de\/privacy\/\" \/>\n<meta property=\"og:site_name\" content=\"Horizont Entertainment\" \/>\n<meta property=\"article:modified_time\" content=\"2025-02-28T16:15:58+00:00\" \/>\n<meta property=\"og:image\" content=\"https:\/\/horizont-entertainment.com\/wp-content\/uploads\/2025\/02\/AI_batlords-table-standard-scale-6_00x-gigapixel.jpg\" \/>\n\t<meta property=\"og:image:width\" content=\"1734\" \/>\n\t<meta property=\"og:image:height\" content=\"726\" \/>\n\t<meta property=\"og:image:type\" content=\"image\/jpeg\" \/>\n<meta name=\"twitter:card\" content=\"summary_large_image\" \/>\n<meta name=\"twitter:label1\" content=\"Gesch\u00e4tzte Lesezeit\" \/>\n\t<meta name=\"twitter:data1\" content=\"4\u00a0Minuten\" \/>\n<script type=\"application\/ld+json\" class=\"yoast-schema-graph\">{\"@context\":\"https:\\\/\\\/schema.org\",\"@graph\":[{\"@type\":\"WebPage\",\"@id\":\"https:\\\/\\\/horizont-entertainment.com\\\/privacy\\\/\",\"url\":\"https:\\\/\\\/horizont-entertainment.com\\\/privacy\\\/\",\"name\":\"Privacy Disclaimer - Horizont Entertainment\",\"isPartOf\":{\"@id\":\"https:\\\/\\\/horizont-entertainment.com\\\/de\\\/#website\"},\"primaryImageOfPage\":{\"@id\":\"https:\\\/\\\/horizont-entertainment.com\\\/privacy\\\/#primaryimage\"},\"image\":{\"@id\":\"https:\\\/\\\/horizont-entertainment.com\\\/privacy\\\/#primaryimage\"},\"thumbnailUrl\":\"https:\\\/\\\/horizont-entertainment.com\\\/wp-content\\\/uploads\\\/2025\\\/02\\\/AI_batlords-table-standard-scale-6_00x-gigapixel.jpg\",\"datePublished\":\"2025-02-06T13:17:36+00:00\",\"dateModified\":\"2025-02-28T16:15:58+00:00\",\"breadcrumb\":{\"@id\":\"https:\\\/\\\/horizont-entertainment.com\\\/privacy\\\/#breadcrumb\"},\"inLanguage\":\"de\",\"potentialAction\":[{\"@type\":\"ReadAction\",\"target\":[\"https:\\\/\\\/horizont-entertainment.com\\\/privacy\\\/\"]}]},{\"@type\":\"ImageObject\",\"inLanguage\":\"de\",\"@id\":\"https:\\\/\\\/horizont-entertainment.com\\\/privacy\\\/#primaryimage\",\"url\":\"https:\\\/\\\/horizont-entertainment.com\\\/wp-content\\\/uploads\\\/2025\\\/02\\\/AI_batlords-table-standard-scale-6_00x-gigapixel.jpg\",\"contentUrl\":\"https:\\\/\\\/horizont-entertainment.com\\\/wp-content\\\/uploads\\\/2025\\\/02\\\/AI_batlords-table-standard-scale-6_00x-gigapixel.jpg\",\"width\":1734,\"height\":726},{\"@type\":\"BreadcrumbList\",\"@id\":\"https:\\\/\\\/horizont-entertainment.com\\\/privacy\\\/#breadcrumb\",\"itemListElement\":[{\"@type\":\"ListItem\",\"position\":1,\"name\":\"Home\",\"item\":\"https:\\\/\\\/horizont-entertainment.com\\\/de\\\/\"},{\"@type\":\"ListItem\",\"position\":2,\"name\":\"Privacy Disclaimer\"}]},{\"@type\":\"WebSite\",\"@id\":\"https:\\\/\\\/horizont-entertainment.com\\\/de\\\/#website\",\"url\":\"https:\\\/\\\/horizont-entertainment.com\\\/de\\\/\",\"name\":\"Horizont Entertainment\",\"description\":\"Game Development for Windows and Mobile\",\"publisher\":{\"@id\":\"https:\\\/\\\/horizont-entertainment.com\\\/de\\\/#organization\"},\"potentialAction\":[{\"@type\":\"SearchAction\",\"target\":{\"@type\":\"EntryPoint\",\"urlTemplate\":\"https:\\\/\\\/horizont-entertainment.com\\\/de\\\/?s={search_term_string}\"},\"query-input\":{\"@type\":\"PropertyValueSpecification\",\"valueRequired\":true,\"valueName\":\"search_term_string\"}}],\"inLanguage\":\"de\"},{\"@type\":\"Organization\",\"@id\":\"https:\\\/\\\/horizont-entertainment.com\\\/de\\\/#organization\",\"name\":\"Horizont Entertainment\",\"url\":\"https:\\\/\\\/horizont-entertainment.com\\\/de\\\/\",\"logo\":{\"@type\":\"ImageObject\",\"inLanguage\":\"de\",\"@id\":\"https:\\\/\\\/horizont-entertainment.com\\\/de\\\/#\\\/schema\\\/logo\\\/image\\\/\",\"url\":\"https:\\\/\\\/horizont-entertainment.com\\\/wp-content\\\/uploads\\\/2025\\\/02\\\/logoforavatar.gif\",\"contentUrl\":\"https:\\\/\\\/horizont-entertainment.com\\\/wp-content\\\/uploads\\\/2025\\\/02\\\/logoforavatar.gif\",\"width\":90,\"height\":90,\"caption\":\"Horizont Entertainment\"},\"image\":{\"@id\":\"https:\\\/\\\/horizont-entertainment.com\\\/de\\\/#\\\/schema\\\/logo\\\/image\\\/\"}}]}<\/script>\n<!-- \/ Yoast SEO plugin. -->","yoast_head_json":{"title":"Privacy Disclaimer - Horizont Entertainment","robots":{"index":"index","follow":"follow","max-snippet":"max-snippet:-1","max-image-preview":"max-image-preview:large","max-video-preview":"max-video-preview:-1"},"canonical":"https:\/\/horizont-entertainment.com\/de\/privacy\/","og_locale":"de_DE","og_type":"article","og_title":"Privacy Disclaimer - Horizont Entertainment","og_description":"1. Privacy at a Glance General Information The following information provides a simple overview of what happens to your personal data when you visit our website. Personal data includes all data that can personally identify you. Detailed information on data protection can be found in our privacy policy below. 2. Responsible Entity The entity responsible [&hellip;]","og_url":"https:\/\/horizont-entertainment.com\/de\/privacy\/","og_site_name":"Horizont Entertainment","article_modified_time":"2025-02-28T16:15:58+00:00","og_image":[{"width":1734,"height":726,"url":"https:\/\/horizont-entertainment.com\/wp-content\/uploads\/2025\/02\/AI_batlords-table-standard-scale-6_00x-gigapixel.jpg","type":"image\/jpeg"}],"twitter_card":"summary_large_image","twitter_misc":{"Gesch\u00e4tzte Lesezeit":"4\u00a0Minuten"},"schema":{"@context":"https:\/\/schema.org","@graph":[{"@type":"WebPage","@id":"https:\/\/horizont-entertainment.com\/privacy\/","url":"https:\/\/horizont-entertainment.com\/privacy\/","name":"Privacy Disclaimer - Horizont Entertainment","isPartOf":{"@id":"https:\/\/horizont-entertainment.com\/de\/#website"},"primaryImageOfPage":{"@id":"https:\/\/horizont-entertainment.com\/privacy\/#primaryimage"},"image":{"@id":"https:\/\/horizont-entertainment.com\/privacy\/#primaryimage"},"thumbnailUrl":"https:\/\/horizont-entertainment.com\/wp-content\/uploads\/2025\/02\/AI_batlords-table-standard-scale-6_00x-gigapixel.jpg","datePublished":"2025-02-06T13:17:36+00:00","dateModified":"2025-02-28T16:15:58+00:00","breadcrumb":{"@id":"https:\/\/horizont-entertainment.com\/privacy\/#breadcrumb"},"inLanguage":"de","potentialAction":[{"@type":"ReadAction","target":["https:\/\/horizont-entertainment.com\/privacy\/"]}]},{"@type":"ImageObject","inLanguage":"de","@id":"https:\/\/horizont-entertainment.com\/privacy\/#primaryimage","url":"https:\/\/horizont-entertainment.com\/wp-content\/uploads\/2025\/02\/AI_batlords-table-standard-scale-6_00x-gigapixel.jpg","contentUrl":"https:\/\/horizont-entertainment.com\/wp-content\/uploads\/2025\/02\/AI_batlords-table-standard-scale-6_00x-gigapixel.jpg","width":1734,"height":726},{"@type":"BreadcrumbList","@id":"https:\/\/horizont-entertainment.com\/privacy\/#breadcrumb","itemListElement":[{"@type":"ListItem","position":1,"name":"Home","item":"https:\/\/horizont-entertainment.com\/de\/"},{"@type":"ListItem","position":2,"name":"Privacy Disclaimer"}]},{"@type":"WebSite","@id":"https:\/\/horizont-entertainment.com\/de\/#website","url":"https:\/\/horizont-entertainment.com\/de\/","name":"Horizont Entertainment","description":"Game Development f\u00fcr Windows und Mobile","publisher":{"@id":"https:\/\/horizont-entertainment.com\/de\/#organization"},"potentialAction":[{"@type":"SearchAction","target":{"@type":"EntryPoint","urlTemplate":"https:\/\/horizont-entertainment.com\/de\/?s={search_term_string}"},"query-input":{"@type":"PropertyValueSpecification","valueRequired":true,"valueName":"search_term_string"}}],"inLanguage":"de"},{"@type":"Organization","@id":"https:\/\/horizont-entertainment.com\/de\/#organization","name":"Horizont Entertainment","url":"https:\/\/horizont-entertainment.com\/de\/","logo":{"@type":"ImageObject","inLanguage":"de","@id":"https:\/\/horizont-entertainment.com\/de\/#\/schema\/logo\/image\/","url":"https:\/\/horizont-entertainment.com\/wp-content\/uploads\/2025\/02\/logoforavatar.gif","contentUrl":"https:\/\/horizont-entertainment.com\/wp-content\/uploads\/2025\/02\/logoforavatar.gif","width":90,"height":90,"caption":"Horizont Entertainment"},"image":{"@id":"https:\/\/horizont-entertainment.com\/de\/#\/schema\/logo\/image\/"}}]}},"_links":{"self":[{"href":"https:\/\/horizont-entertainment.com\/de\/wp-json\/wp\/v2\/pages\/2","targetHints":{"allow":["GET"]}}],"collection":[{"href":"https:\/\/horizont-entertainment.com\/de\/wp-json\/wp\/v2\/pages"}],"about":[{"href":"https:\/\/horizont-entertainment.com\/de\/wp-json\/wp\/v2\/types\/page"}],"author":[{"embeddable":true,"href":"https:\/\/horizont-entertainment.com\/de\/wp-json\/wp\/v2\/users\/1"}],"replies":[{"embeddable":true,"href":"https:\/\/horizont-entertainment.com\/de\/wp-json\/wp\/v2\/comments?post=2"}],"version-history":[{"count":8,"href":"https:\/\/horizont-entertainment.com\/de\/wp-json\/wp\/v2\/pages\/2\/revisions"}],"predecessor-version":[{"id":301,"href":"https:\/\/horizont-entertainment.com\/de\/wp-json\/wp\/v2\/pages\/2\/revisions\/301"}],"wp:featuredmedia":[{"embeddable":true,"href":"https:\/\/horizont-entertainment.com\/de\/wp-json\/wp\/v2\/media\/309"}],"wp:attachment":[{"href":"https:\/\/horizont-entertainment.com\/de\/wp-json\/wp\/v2\/media?parent=2"}],"curies":[{"name":"wp","href":"https:\/\/api.w.org\/{rel}","templated":true}]}}